{"id":3863,"date":"2016-08-29T08:06:47","date_gmt":"2016-08-29T08:06:47","guid":{"rendered":"https:\/\/www.hotellosangelesdenia.com\/ciclismo\/"},"modified":"2017-05-03T09:57:36","modified_gmt":"2017-05-03T09:57:36","slug":"radsport","status":"publish","type":"page","link":"https:\/\/blog.hotellosangelesdenia.com\/de\/radsport\/","title":{"rendered":"Radsport"},"content":{"rendered":"<p>[vc_row][vc_column width=&#8220;1\/2&#8243; offset=&#8220;vc_col-md-8 vc_col-xs-12&#8243;][vc_column_text]<\/p>\n<h1 class=\"h1_size1 sc_title sc_title_regular\" style=\"margin-top: 0.8em; margin-bottom: 0px;\">HOTEL F\u00dcR RADSPORTLER<\/h1>\n<h5 class=\"destacado_dorado sc_title sc_title_regular destacado_dorado\" style=\"margin-top: 10px; margin-left: 2px; color: #bac0c3; font-weight: 600;\">DIE MARINA ALTA, DAS IDEALE ZIEL, UM IN DIE PEDALE ZU TRETEN.<\/h5>\n<p>Die Marina Alta ist eine der beliebtesten Regionen professioneller Radfahrerteams.<\/p>\n<p>Ihre 760 Km2 gro\u03b2e Ausdehnung ist ideal f\u00fcr das Training auf ebener Fl\u00e4che. Die landschaftliche Sch\u00f6nheit direkt am Meer, das bergige Hinterland und das milde Klima w\u00e4hrend des ganzen Jahres machen sie zum idealen Ziel, um sich auf La Vuelta a Espa\u00f1a, El Giro D\u00b4Italia und die Tour de France vorzubereiten. Auch Fahrradtourismus und Paracycling sind mit D\u00e9nia und seiner Region verwurzelt.<\/p>\n<p>Aus all diesen Gr\u00fcnden verf\u00fcgt das Hotel Los \u00c1ngeles \u00fcber die geeigneten Einrichtungen f\u00fcr die Zusammenk\u00fcnfte der Teams: Pressesaal, WLAN, Fitnessraum, Spa, Pool, eine auf die den Bed\u00fcrfnissen der Gruppe zugeschnittene Di\u00e4t, Sporteinrichtungen am Strand und unmittelbare Stra\u03b2enausfahrt Richtung Las Marinas, von der Anh\u00f6he des Montg\u00f3 nur acht km entfernt (dritte Kategorie).[\/vc_column_text][vc_column_text css=&#8220;.vc_custom_1472465167041{margin-top: 77px !important;}&#8220;]<a href=\"http:\/\/www.radreisenkunz.ch\/\" target=\"_blank\" rel=\"noopener noreferrer\"><img loading=\"lazy\" decoding=\"async\" class=\"alignnone size-full wp-image-3047\" src=\"https:\/\/blog.hotellosangelesdenia.com\/wp-content\/uploads\/2016\/08\/banner_ciclismo.jpg\" alt=\"banner_ciclismo\" width=\"749\" height=\"114\" srcset=\"https:\/\/blog.hotellosangelesdenia.com\/wp-content\/uploads\/2016\/08\/banner_ciclismo.jpg 749w, https:\/\/blog.hotellosangelesdenia.com\/wp-content\/uploads\/2016\/08\/banner_ciclismo-300x46.jpg 300w, https:\/\/blog.hotellosangelesdenia.com\/wp-content\/uploads\/2016\/08\/banner_ciclismo-400x61.jpg 400w, https:\/\/blog.hotellosangelesdenia.com\/wp-content\/uploads\/2016\/08\/banner_ciclismo-250x38.jpg 250w\" sizes=\"auto, (max-width: 749px) 100vw, 749px\" \/><\/a>[\/vc_column_text][\/vc_column][vc_column width=&#8220;1\/2&#8243; offset=&#8220;vc_col-md-4 vc_col-xs-12&#8243;][vc_column_text]<div role=\"form\" class=\"wpcf7\" id=\"wpcf7-f3865-o1\" lang=\"es-ES\" dir=\"ltr\">\n<div class=\"screen-reader-response\"><\/div>\n<form action=\"\/de\/wp-json\/wp\/v2\/pages\/3863\/#wpcf7-f3865-o1\" method=\"post\" class=\"wpcf7-form\" novalidate=\"novalidate\">\n<div style=\"display: none;\">\n<input type=\"hidden\" name=\"_wpcf7\" value=\"3865\" \/>\n<input type=\"hidden\" name=\"_wpcf7_version\" value=\"5.1.7\" \/>\n<input type=\"hidden\" name=\"_wpcf7_locale\" value=\"es_ES\" \/>\n<input type=\"hidden\" name=\"_wpcf7_unit_tag\" value=\"wpcf7-f3865-o1\" \/>\n<input type=\"hidden\" name=\"_wpcf7_container_post\" value=\"0\" \/>\n<\/div>\n<div class=\"buscador_lateral_content\">\n<div id=\"buscador_lateral\">\n<div class=\"fechas_reserva\">\n<div class=\"nombre_reserva\"><label>Name *<\/label><span class=\"wpcf7-form-control-wrap nombre\"><input type=\"text\" name=\"nombre\" value=\"\" size=\"40\" class=\"wpcf7-form-control wpcf7-text wpcf7-validates-as-required\" aria-required=\"true\" aria-invalid=\"false\" \/><\/span><\/div>\n<\/div>\n<p><!-- .fechas_reserva--><\/p>\n<div class=\"fechas_reserva\">\n<div class=\"email_reserva\"><label>Email *<\/label><span class=\"wpcf7-form-control-wrap your-email\"><input type=\"email\" name=\"your-email\" value=\"\" size=\"40\" class=\"wpcf7-form-control wpcf7-text wpcf7-email wpcf7-validates-as-required wpcf7-validates-as-email\" aria-required=\"true\" aria-invalid=\"false\" \/><\/span><\/div>\n<\/div>\n<p><!-- .fechas_reserva--><\/p>\n<div class=\"fechas_reserva\">\n<div class=\"fecha_reserva\"><label>Datum *<\/label> <span class=\"wpcf7-form-control-wrap date_start\"><input type=\"text\" name=\"date_start\" value=\"\" size=\"40\" class=\"wpcf7-form-control wpcf7-text wpcf7-validates-as-required sc_contact_form_date js__datepicker picker__input\" id=\"date_inicio\" aria-required=\"true\" aria-invalid=\"false\" placeholder=\"dd\/mm\/yyyy\" \/><\/span><\/div>\n<div class=\"fecha_reserva\"><label>Menschen *<\/label><span class=\"wpcf7-form-control-wrap personas\"><input type=\"text\" name=\"personas\" value=\"\" size=\"40\" class=\"wpcf7-form-control wpcf7-text wpcf7-validates-as-required\" aria-required=\"true\" aria-invalid=\"false\" \/><\/span><\/div>\n<\/div>\n<p><!-- .fechas_reserva--><\/p>\n<div class=\"fechas_reserva\">\n<span class=\"wpcf7-form-control-wrap acceptance-574\"><span class=\"wpcf7-form-control wpcf7-acceptance\"><span class=\"wpcf7-list-item\"><input type=\"checkbox\" name=\"acceptance-574\" value=\"1\" aria-invalid=\"false\" class=\"input-checkbox\" \/><\/span><\/span><\/span> <a href=\"https:\/\/www.hotellosangelesdenia.com\/politica-de-privacidad\/\" target=\"_blank\">Ich akzeptiere die Datenschutzrichtlinie<\/a>\n<\/div>\n<p><!-- .fechas_reserva--><\/p>\n<div class=\"input_submit_buscador_lateral boton_consultar_disponibilidad\"><input type=\"submit\" value=\"KONSULTIEREN\" class=\"wpcf7-form-control wpcf7-submit reservar_buscador_lateral\" \/><\/div>\n<\/div>\n<p><!-- .buscador_lateral-->\n<\/div>\n<p><!-- .buscador_lateral_content--><\/p>\n<div class=\"wpcf7-response-output wpcf7-display-none\"><\/div><\/form><\/div>[\/vc_column_text][\/vc_column][\/vc_row][vc_row css=&#8220;.vc_custom_1442738727850{margin-top: 90px !important;}&#8220;][vc_column][rev_slider_vc alias=&#8220;ciclismo&#8220;][\/vc_column][\/vc_row]<\/p>\n","protected":false},"excerpt":{"rendered":"<p>[vc_row][vc_column width=&#8220;1\/2&#8243; offset=&#8220;vc_col-md-8 vc_col-xs-12&#8243;][vc_column_text] HOTEL F\u00dcR RADSPORTLER DIE MARINA ALTA, DAS IDEALE ZIEL, UM IN DIE PEDALE ZU TRETEN. Die Marina Alta ist eine der beliebtesten Regionen professioneller Radfahrerteams. Ihre 760 Km2 gro\u03b2e Ausdehnung ist ideal f\u00fcr das Training auf ebener Fl\u00e4che. Die landschaftliche Sch\u00f6nheit direkt am Meer, das bergige Hinterland und das milde Klima [&hellip;]<\/p>\n","protected":false},"author":1,"featured_media":0,"parent":0,"menu_order":0,"comment_status":"closed","ping_status":"closed","template":"deportes.php","meta":{"footnotes":""},"class_list":["post-3863","page","type-page","status-publish","hentry"],"yoast_head":"<!-- This site is optimized with the Yoast SEO plugin v14.0.4 - https:\/\/yoast.com\/wordpress\/plugins\/seo\/ -->\n<title>Radsport - Hotel Los \u00c1ngeles Denia<\/title>\n<meta name=\"robots\" content=\"index, follow\" \/>\n<meta name=\"googlebot\" content=\"index, follow, max-snippet:-1, max-image-preview:large, max-video-preview:-1\" \/>\n<meta name=\"bingbot\" content=\"index, follow, max-snippet:-1, max-image-preview:large, max-video-preview:-1\" \/>\n<link rel=\"canonical\" href=\"https:\/\/blog.hotellosangelesdenia.com\/de\/radsport\/\" \/>\n<meta property=\"og:locale\" content=\"de_DE\" \/>\n<meta property=\"og:type\" content=\"article\" \/>\n<meta property=\"og:title\" content=\"Radsport - Hotel Los \u00c1ngeles Denia\" \/>\n<meta property=\"og:description\" content=\"[vc_row][vc_column width=&#8220;1\/2&#8243; offset=&#8220;vc_col-md-8 vc_col-xs-12&#8243;][vc_column_text] HOTEL F\u00dcR RADSPORTLER DIE MARINA ALTA, DAS IDEALE ZIEL, UM IN DIE PEDALE ZU TRETEN. Die Marina Alta ist eine der beliebtesten Regionen professioneller Radfahrerteams. Ihre 760 Km2 gro\u03b2e Ausdehnung ist ideal f\u00fcr das Training auf ebener Fl\u00e4che. Die landschaftliche Sch\u00f6nheit direkt am Meer, das bergige Hinterland und das milde Klima [&hellip;]\" \/>\n<meta property=\"og:url\" content=\"https:\/\/blog.hotellosangelesdenia.com\/de\/radsport\/\" \/>\n<meta property=\"og:site_name\" content=\"Hotel Los \u00c1ngeles Denia\" \/>\n<meta property=\"article:modified_time\" content=\"2017-05-03T09:57:36+00:00\" \/>\n<meta property=\"og:image\" content=\"https:\/\/blog.hotellosangelesdenia.com\/wp-content\/uploads\/2016\/08\/banner_ciclismo.jpg\" \/>\n<meta name=\"twitter:card\" content=\"summary\" \/>\n<script type=\"application\/ld+json\" class=\"yoast-schema-graph\">{\"@context\":\"https:\/\/schema.org\",\"@graph\":[{\"@type\":\"WebSite\",\"@id\":\"https:\/\/blog.hotellosangelesdenia.com\/de\/#website\",\"url\":\"https:\/\/blog.hotellosangelesdenia.com\/de\/\",\"name\":\"Hotel Los \\u00c1ngeles Denia\",\"description\":\"Hotel Los \\u00c1ngeles Denia\",\"potentialAction\":[{\"@type\":\"SearchAction\",\"target\":\"https:\/\/blog.hotellosangelesdenia.com\/de\/?s={search_term_string}\",\"query-input\":\"required name=search_term_string\"}],\"inLanguage\":\"de\"},{\"@type\":\"ImageObject\",\"@id\":\"https:\/\/blog.hotellosangelesdenia.com\/de\/radsport\/#primaryimage\",\"inLanguage\":\"de\",\"url\":\"https:\/\/blog.hotellosangelesdenia.com\/wp-content\/uploads\/2016\/08\/banner_ciclismo.jpg\",\"width\":749,\"height\":114},{\"@type\":\"WebPage\",\"@id\":\"https:\/\/blog.hotellosangelesdenia.com\/de\/radsport\/#webpage\",\"url\":\"https:\/\/blog.hotellosangelesdenia.com\/de\/radsport\/\",\"name\":\"Radsport - Hotel Los \\u00c1ngeles Denia\",\"isPartOf\":{\"@id\":\"https:\/\/blog.hotellosangelesdenia.com\/de\/#website\"},\"primaryImageOfPage\":{\"@id\":\"https:\/\/blog.hotellosangelesdenia.com\/de\/radsport\/#primaryimage\"},\"datePublished\":\"2016-08-29T08:06:47+00:00\",\"dateModified\":\"2017-05-03T09:57:36+00:00\",\"inLanguage\":\"de\",\"potentialAction\":[{\"@type\":\"ReadAction\",\"target\":[\"https:\/\/blog.hotellosangelesdenia.com\/de\/radsport\/\"]}]}]}<\/script>\n<!-- \/ Yoast SEO plugin. -->","_links":{"self":[{"href":"https:\/\/blog.hotellosangelesdenia.com\/de\/wp-json\/wp\/v2\/pages\/3863\/"}],"collection":[{"href":"https:\/\/blog.hotellosangelesdenia.com\/de\/wp-json\/wp\/v2\/pages\/"}],"about":[{"href":"https:\/\/blog.hotellosangelesdenia.com\/de\/wp-json\/wp\/v2\/types\/page\/"}],"author":[{"embeddable":true,"href":"https:\/\/blog.hotellosangelesdenia.com\/de\/wp-json\/wp\/v2\/users\/1\/"}],"replies":[{"embeddable":true,"href":"https:\/\/blog.hotellosangelesdenia.com\/de\/wp-json\/wp\/v2\/comments\/?post=3863"}],"version-history":[{"count":3,"href":"https:\/\/blog.hotellosangelesdenia.com\/de\/wp-json\/wp\/v2\/pages\/3863\/revisions\/"}],"predecessor-version":[{"id":3867,"href":"https:\/\/blog.hotellosangelesdenia.com\/de\/wp-json\/wp\/v2\/pages\/3863\/revisions\/3867\/"}],"wp:attachment":[{"href":"https:\/\/blog.hotellosangelesdenia.com\/de\/wp-json\/wp\/v2\/media\/?parent=3863"}],"curies":[{"name":"wp","href":"https:\/\/api.w.org\/{rel}","templated":true}]}}