{"id":3848,"date":"2015-09-18T15:37:15","date_gmt":"2015-09-18T15:37:15","guid":{"rendered":"https:\/\/www.hotellosangelesdenia.com\/espacio-de-salud\/"},"modified":"2017-05-03T09:44:47","modified_gmt":"2017-05-03T09:44:47","slug":"wellness-bereich","status":"publish","type":"page","link":"https:\/\/blog.hotellosangelesdenia.com\/de\/wellness-bereich\/","title":{"rendered":"WELLNESS-BEREICH"},"content":{"rendered":"<p>[vc_row][vc_column width=&#8220;1\/2&#8243; offset=&#8220;vc_col-md-8 vc_col-xs-12&#8243;][vc_column_text]<\/p>\n<h1 class=\"h1_size1 sc_title sc_title_regular\" style=\"margin-top: 0.8em; margin-bottom: 0px;\">WELLNESS-BEREICH<\/h1>\n<h5 class=\"destacado_dorado sc_title sc_title_regular destacado_dorado\" style=\"margin-top: 10px; margin-left: 2px; color: #bac0c3; font-weight: 600;\">EIN NEUES ZENTRUM, DER K\u00d6RPERPFLEGE UND DEM WOHLBEFINDEN GEWIDMET<\/h5>\n<p>Das Hotel Los \u00c1ngeles stellt Ihnen die ges\u00fcndeste, modernste und vollst\u00e4ndigste Form der Pflege zur Verf\u00fcgung. Sie haben in D\u00e9nia ein neues Zentrum, der K\u00f6rperpflege und dem Wohlbefinden gewidmet, aus k\u00f6rperlicher, \u00e4sthetischer und psychischer Sicht.<\/p>\n<p>Los \u00c1ngeles kombiniert in seinem Gesundheitsbereich Thermotherapie mit Sch\u00f6nheitszentrum und Fitness, es ist als flexibles, offenes Zentrum konzipiert, das Behandlung nach Ma\u03b2 anbietet.<\/p>\n<p>Eine Welt von Dienstleistungen und Aktivit\u00e4ten, ausgerichtet auf die Verbesserung der Gesundheit und Steigerung der k\u00f6rperlichen Leistungsf\u00e4higkeit in einer mehr als 200 m2 gro\u03b2en modernen Einrichtung.[\/vc_column_text][vc_column_text]<\/p>\n<h1 class=\"h1_size1 sc_title sc_title_regular\" style=\"margin-top: 0.8em; margin-bottom: 0px;\">WELLNESSBEHANDLUNGEN<\/h1>\n<h5 class=\"destacado_dorado sc_title sc_title_regular destacado_dorado\" style=\"margin-top: 10px; margin-left: 2px; color: #bac0c3; font-weight: 600;\">WAS BEDEUTET WELLNESS?<\/h5>\n<p>Das Konzept &#8222;Wellness&#8220; verbreitert das Spektrum des Wohlbefindens der Person in allen Aspekten. Mit &#8222;Wellness&#8220; wird ein Ausgleich K\u00f6rper\/Geist gesucht, also k\u00f6rperliches, psychisches und emotionales Wohlbefinden.<\/p>\n<p>Zeit f\u00fcr sich selbst zu haben, tief durchzuatmen, sich vom t\u00e4glichen Stress zu befreien, neue Kr\u00e4fte und Energien sammeln. Zusammenfasend, eine Sensation des Wohlbefindens, ein Zustand der Entspannung und Gl\u00fcckseeligkeit, sowohl k\u00f6rperlich als auch geistig.<\/p>\n<p>Heutzutage verstehen wie unter &#8222;Wellness&#8220; vor allem Methoden und Behandlungen, die das k\u00f6rperliche, geistige und seelische Wohlempfinden verbessern und somit die Lebensqualit\u00e4t.<\/p>\n<p>All das ist Wellness.[\/vc_column_text][vc_column_text css=&#8220;.vc_custom_1493804247501{margin-top: 50px !important;}&#8220;]<\/p>\n<h5 class=\"destacado_dorado sc_title sc_title_regular destacado_dorado\" style=\"margin-top: 5px; margin-left: 2px; color: #bac0c3; font-weight: 600;\">NUTZEN SIE ALLE VORTEILE<\/h5>\n<p>Seien Sie einer der Ersten, der diese exklusiven Dienstleistungen genie\u03b2t, und nutzen Sie die Vorteile der Angebote, die wir Ihnen zur Verf\u00fcgung stellen.[\/vc_column_text][vc_column_text css=&#8220;.vc_custom_1478668537276{padding-top: 30px !important;}&#8220;]<a href=\"\/wp-content\/uploads\/2016\/10\/Wellness-los-angeles-hotel.pdf\" target=\"_blank\" rel=\"noopener noreferrer\"><img loading=\"lazy\" decoding=\"async\" class=\"size-full wp-image-3093 aligncenter\" src=\"\/wp-content\/uploads\/2016\/11\/descarga-catalogo-wellness-600x600-esp.png\" alt=\"descarga-catalogo-wellness-600x600-esp\" width=\"600\" height=\"600\" \/><\/a>[\/vc_column_text][\/vc_column][vc_column width=&#8220;1\/2&#8243; offset=&#8220;vc_col-md-4 vc_col-xs-12&#8243;][vc_column_text]<div role=\"form\" class=\"wpcf7\" id=\"wpcf7-f3851-o1\" lang=\"es-ES\" dir=\"ltr\">\n<div class=\"screen-reader-response\"><\/div>\n<form action=\"\/de\/wp-json\/wp\/v2\/pages\/3848\/#wpcf7-f3851-o1\" method=\"post\" class=\"wpcf7-form\" novalidate=\"novalidate\">\n<div style=\"display: none;\">\n<input type=\"hidden\" name=\"_wpcf7\" value=\"3851\" \/>\n<input type=\"hidden\" name=\"_wpcf7_version\" value=\"5.1.7\" \/>\n<input type=\"hidden\" name=\"_wpcf7_locale\" value=\"es_ES\" \/>\n<input type=\"hidden\" name=\"_wpcf7_unit_tag\" value=\"wpcf7-f3851-o1\" \/>\n<input type=\"hidden\" name=\"_wpcf7_container_post\" value=\"0\" \/>\n<\/div>\n<div class=\"buscador_lateral_content\">\n<div id=\"buscador_lateral\">\n<div class=\"fechas_reserva\">\n<div class=\"nombre_reserva\"><label>Name *<\/label><span class=\"wpcf7-form-control-wrap nombre\"><input type=\"text\" name=\"nombre\" value=\"\" size=\"40\" class=\"wpcf7-form-control wpcf7-text wpcf7-validates-as-required\" aria-required=\"true\" aria-invalid=\"false\" \/><\/span><\/div>\n<\/div>\n<p><!-- .fechas_reserva--><\/p>\n<div class=\"fechas_reserva\">\n<div class=\"email_reserva\"><label>Email *<\/label><span class=\"wpcf7-form-control-wrap your-email\"><input type=\"email\" name=\"your-email\" value=\"\" size=\"40\" class=\"wpcf7-form-control wpcf7-text wpcf7-email wpcf7-validates-as-required wpcf7-validates-as-email\" aria-required=\"true\" aria-invalid=\"false\" \/><\/span><\/div>\n<\/div>\n<p><!-- .fechas_reserva--><\/p>\n<div class=\"fechas_reserva\">\n<div class=\"telefono_reserva\"><label>Telefon<\/label> <span class=\"wpcf7-form-control-wrap telefono\"><input type=\"text\" name=\"telefono\" value=\"\" size=\"40\" class=\"wpcf7-form-control wpcf7-text\" aria-invalid=\"false\" \/><\/span><\/div>\n<div class=\"tratamiento_reserva\"><label>Behandlung *<\/label><span class=\"wpcf7-form-control-wrap tratamiento\"><input type=\"text\" name=\"tratamiento\" value=\"\" size=\"40\" class=\"wpcf7-form-control wpcf7-text wpcf7-validates-as-required\" aria-required=\"true\" aria-invalid=\"false\" \/><\/span><\/div>\n<\/div>\n<p><!-- .fechas_reserva--><\/p>\n<div class=\"fechas_reserva\">\n<div class=\"fecha_reserva\"><label>Tag *<\/label> <span class=\"wpcf7-form-control-wrap date_start\"><input type=\"text\" name=\"date_start\" value=\"\" size=\"40\" class=\"wpcf7-form-control wpcf7-text wpcf7-validates-as-required sc_contact_form_date js__datepicker picker__input\" id=\"date_inicio\" aria-required=\"true\" aria-invalid=\"false\" placeholder=\"dd\/mm\/yyyy\" \/><\/span><\/div>\n<div class=\"fecha_reserva\"><label>Uhrzeit *<\/label><span class=\"wpcf7-form-control-wrap hora_inicio\"><input type=\"text\" name=\"hora_inicio\" value=\"\" size=\"40\" class=\"wpcf7-form-control wpcf7-text wpcf7-validates-as-required\" aria-required=\"true\" aria-invalid=\"false\" \/><\/span><\/div>\n<\/div>\n<p><!-- .fechas_reserva--><\/p>\n<div class=\"fechas_reserva\">\n<span class=\"wpcf7-form-control-wrap acceptance-574\"><span class=\"wpcf7-form-control wpcf7-acceptance\"><span class=\"wpcf7-list-item\"><input type=\"checkbox\" name=\"acceptance-574\" value=\"1\" aria-invalid=\"false\" class=\"input-checkbox\" \/><\/span><\/span><\/span> <a href=\"https:\/\/www.hotellosangelesdenia.com\/politica-de-privacidad\/\" target=\"_blank\">Ich akzeptiere die Datenschutzrichtlinie<\/a>\n<\/div>\n<p><!-- .fechas_reserva--><\/p>\n<div class=\"input_submit_buscador_lateral boton_consultar_disponibilidad\"><input type=\"submit\" value=\"KONSULTIEREN\" class=\"wpcf7-form-control wpcf7-submit reservar_buscador_lateral\" \/><\/div>\n<\/div>\n<p><!-- .buscador_lateral-->\n<\/div>\n<p><!-- .buscador_lateral_content--><\/p>\n<div class=\"wpcf7-response-output wpcf7-display-none\"><\/div><\/form><\/div>[\/vc_column_text][\/vc_column][\/vc_row][vc_row css=&#8220;.vc_custom_1475830523532{margin-top: 40px !important;}&#8220;][vc_column][vc_column_text css=&#8220;.vc_custom_1493804681877{margin-bottom: 30px !important;}&#8220;]<\/p>\n<h1 class=\"h1_size1 sc_title sc_title_regular\" style=\"margin-bottom: 0px;\">ENTDECKEN SIE UNSEREN WELLNESSBEREICH<\/h1>\n<p>[\/vc_column_text][rev_slider_vc alias=&#8220;carrousel_wellness&#8220;][\/vc_column][\/vc_row]<\/p>\n","protected":false},"excerpt":{"rendered":"<p>[vc_row][vc_column width=&#8220;1\/2&#8243; offset=&#8220;vc_col-md-8 vc_col-xs-12&#8243;][vc_column_text] WELLNESS-BEREICH EIN NEUES ZENTRUM, DER K\u00d6RPERPFLEGE UND DEM WOHLBEFINDEN GEWIDMET Das Hotel Los \u00c1ngeles stellt Ihnen die ges\u00fcndeste, modernste und vollst\u00e4ndigste Form der Pflege zur Verf\u00fcgung. Sie haben in D\u00e9nia ein neues Zentrum, der K\u00f6rperpflege und dem Wohlbefinden gewidmet, aus k\u00f6rperlicher, \u00e4sthetischer und psychischer Sicht. Los \u00c1ngeles kombiniert in seinem Gesundheitsbereich [&hellip;]<\/p>\n","protected":false},"author":1,"featured_media":0,"parent":0,"menu_order":0,"comment_status":"open","ping_status":"open","template":"page_con_buscador_top.php","meta":{"footnotes":""},"class_list":["post-3848","page","type-page","status-publish","hentry"],"yoast_head":"<!-- This site is optimized with the Yoast SEO plugin v14.0.4 - https:\/\/yoast.com\/wordpress\/plugins\/seo\/ -->\n<title>WELLNESS-BEREICH - Hotel Los \u00c1ngeles Denia<\/title>\n<meta name=\"robots\" content=\"index, follow\" \/>\n<meta name=\"googlebot\" content=\"index, follow, max-snippet:-1, max-image-preview:large, max-video-preview:-1\" \/>\n<meta name=\"bingbot\" content=\"index, follow, max-snippet:-1, max-image-preview:large, max-video-preview:-1\" \/>\n<link rel=\"canonical\" href=\"https:\/\/blog.hotellosangelesdenia.com\/de\/wellness-bereich\/\" \/>\n<meta property=\"og:locale\" content=\"de_DE\" \/>\n<meta property=\"og:type\" content=\"article\" \/>\n<meta property=\"og:title\" content=\"WELLNESS-BEREICH - Hotel Los \u00c1ngeles Denia\" \/>\n<meta property=\"og:description\" content=\"[vc_row][vc_column width=&#8220;1\/2&#8243; offset=&#8220;vc_col-md-8 vc_col-xs-12&#8243;][vc_column_text] WELLNESS-BEREICH EIN NEUES ZENTRUM, DER K\u00d6RPERPFLEGE UND DEM WOHLBEFINDEN GEWIDMET Das Hotel Los \u00c1ngeles stellt Ihnen die ges\u00fcndeste, modernste und vollst\u00e4ndigste Form der Pflege zur Verf\u00fcgung. Sie haben in D\u00e9nia ein neues Zentrum, der K\u00f6rperpflege und dem Wohlbefinden gewidmet, aus k\u00f6rperlicher, \u00e4sthetischer und psychischer Sicht. Los \u00c1ngeles kombiniert in seinem Gesundheitsbereich [&hellip;]\" \/>\n<meta property=\"og:url\" content=\"https:\/\/blog.hotellosangelesdenia.com\/de\/wellness-bereich\/\" \/>\n<meta property=\"og:site_name\" content=\"Hotel Los \u00c1ngeles Denia\" \/>\n<meta property=\"article:modified_time\" content=\"2017-05-03T09:44:47+00:00\" \/>\n<meta property=\"og:image\" content=\"https:\/\/blog.hotellosangelesdenia.com\/wp-content\/uploads\/2016\/11\/descarga-catalogo-wellness-600x600-esp.png\" \/>\n<meta name=\"twitter:card\" content=\"summary\" \/>\n<script type=\"application\/ld+json\" class=\"yoast-schema-graph\">{\"@context\":\"https:\/\/schema.org\",\"@graph\":[{\"@type\":\"WebSite\",\"@id\":\"https:\/\/blog.hotellosangelesdenia.com\/de\/#website\",\"url\":\"https:\/\/blog.hotellosangelesdenia.com\/de\/\",\"name\":\"Hotel Los \\u00c1ngeles Denia\",\"description\":\"Hotel Los \\u00c1ngeles Denia\",\"potentialAction\":[{\"@type\":\"SearchAction\",\"target\":\"https:\/\/blog.hotellosangelesdenia.com\/de\/?s={search_term_string}\",\"query-input\":\"required name=search_term_string\"}],\"inLanguage\":\"de\"},{\"@type\":\"ImageObject\",\"@id\":\"https:\/\/blog.hotellosangelesdenia.com\/de\/wellness-bereich\/#primaryimage\",\"inLanguage\":\"de\",\"url\":\"\/wp-content\/uploads\/2016\/11\/descarga-catalogo-wellness-600x600-esp.png\"},{\"@type\":\"WebPage\",\"@id\":\"https:\/\/blog.hotellosangelesdenia.com\/de\/wellness-bereich\/#webpage\",\"url\":\"https:\/\/blog.hotellosangelesdenia.com\/de\/wellness-bereich\/\",\"name\":\"WELLNESS-BEREICH - Hotel Los \\u00c1ngeles Denia\",\"isPartOf\":{\"@id\":\"https:\/\/blog.hotellosangelesdenia.com\/de\/#website\"},\"primaryImageOfPage\":{\"@id\":\"https:\/\/blog.hotellosangelesdenia.com\/de\/wellness-bereich\/#primaryimage\"},\"datePublished\":\"2015-09-18T15:37:15+00:00\",\"dateModified\":\"2017-05-03T09:44:47+00:00\",\"inLanguage\":\"de\",\"potentialAction\":[{\"@type\":\"ReadAction\",\"target\":[\"https:\/\/blog.hotellosangelesdenia.com\/de\/wellness-bereich\/\"]}]}]}<\/script>\n<!-- \/ Yoast SEO plugin. -->","_links":{"self":[{"href":"https:\/\/blog.hotellosangelesdenia.com\/de\/wp-json\/wp\/v2\/pages\/3848\/"}],"collection":[{"href":"https:\/\/blog.hotellosangelesdenia.com\/de\/wp-json\/wp\/v2\/pages\/"}],"about":[{"href":"https:\/\/blog.hotellosangelesdenia.com\/de\/wp-json\/wp\/v2\/types\/page\/"}],"author":[{"embeddable":true,"href":"https:\/\/blog.hotellosangelesdenia.com\/de\/wp-json\/wp\/v2\/users\/1\/"}],"replies":[{"embeddable":true,"href":"https:\/\/blog.hotellosangelesdenia.com\/de\/wp-json\/wp\/v2\/comments\/?post=3848"}],"version-history":[{"count":4,"href":"https:\/\/blog.hotellosangelesdenia.com\/de\/wp-json\/wp\/v2\/pages\/3848\/revisions\/"}],"predecessor-version":[{"id":3853,"href":"https:\/\/blog.hotellosangelesdenia.com\/de\/wp-json\/wp\/v2\/pages\/3848\/revisions\/3853\/"}],"wp:attachment":[{"href":"https:\/\/blog.hotellosangelesdenia.com\/de\/wp-json\/wp\/v2\/media\/?parent=3848"}],"curies":[{"name":"wp","href":"https:\/\/api.w.org\/{rel}","templated":true}]}}