{"id":3844,"date":"2015-09-22T17:11:01","date_gmt":"2015-09-22T17:11:01","guid":{"rendered":"https:\/\/www.hotellosangelesdenia.com\/celebre-sus-eventos-en-hotel-los-angeles-denia\/"},"modified":"2017-05-03T09:30:20","modified_gmt":"2017-05-03T09:30:20","slug":"feiern-sie-ihre-events-im-hotel-los-angeles-denia","status":"publish","type":"page","link":"https:\/\/blog.hotellosangelesdenia.com\/de\/feiern-sie-ihre-events-im-hotel-los-angeles-denia\/","title":{"rendered":"FEIERN SIE IHRE EVENTS IM HOTEL LOS \u00c1NGELES D\u00c9NIA"},"content":{"rendered":"<p>[vc_row][vc_column width=&#8220;1\/2&#8243; offset=&#8220;vc_col-md-8 vc_col-xs-12&#8243;][vc_column_text]<\/p>\n<h1 class=\"h1_size1 sc_title sc_title_regular\" style=\"margin-top: 0.8em; margin-bottom: 0px;\">EVENTS<\/h1>\n<h5 class=\"destacado_dorado sc_title sc_title_regular destacado_dorado\" style=\"margin-top: 10px; margin-left: 2px; color: #bac0c3; font-weight: 600;\">FEIERN SIE IHRE EVENTS IM HOTEL LOS \u00c1NGELES D\u00c9NIA<\/h5>\n<p>Am Meeresstrand, auf der Terrasse oder in jedem unserer Hotels\u00e4le. Das Hotel Los \u00c1ngeles von D\u00e9nia verf\u00fcgt \u00fcber alle Dienstleistungen und Einrichtungen, um Ihre Hochzeitsfeier, Taufe, oder Kommunion unvergesslich werden zu lassen.Wir scheuen keine Anstrengung, um Ihre Bed\u00fcrfnisse zu befriedigen. Wir beraten Sie und unterbreiten Ihnen das beste Angebot, damit Ihre Feier ein Erfolg wird.Zudem, wenn es sich bei dem Event um einen Konferenz, einen Kongress oder um eine Firmentagung handelt, verf\u00fcgt das Hotel \u00fcber einen komplett ausgestatteten Vorf\u00fchrraum und einen Internetzugang, der \u00fcber 500 Verbraucher \u00fcber WLAN versorgt.[\/vc_column_text][vc_column_text css=&#8220;.vc_custom_1493803814058{margin-top: 77px !important;}&#8220;]<\/p>\n<h5 class=\"destacado_dorado sc_title sc_title_regular destacado_dorado\" style=\"margin-top: 5px; margin-left: 2px; color: #bac0c3; font-weight: 600;\">ARTEN DER EVENTS<\/h5>\n<p>Eine Hochzeit, ein Geburtstag oder eine Vereinsversammlung. Die Events sind unterschiedlich, und das Hotel Los \u00c1ngeles von D\u00e9nia hat reichlich Erfahrung gesammelt in Konzentrationen von Sportmannschaften, Gesch\u00e4ftstreffen, Pressekonferenzen, Ausbildungskursen, oder Produkt-und Markenpr\u00e4sentationen.<\/p>\n<p>All dies, bereichert mit einem umfassenden Angebot unseres Gastronomiebereichs mit Arbeitsfr\u00fchst\u00fcck, Kaffeepausen, Aperitifs, Mittagessen und Abendessen. Die Vielseitigkeit jedes Hotelbereichs erlaubt jede Art von gesellschaftlichen Anl\u00e4ssen direkt am Meer.[\/vc_column_text][\/vc_column][vc_column width=&#8220;1\/2&#8243; offset=&#8220;vc_col-md-4 vc_col-xs-12&#8243;][vc_column_text]<div role=\"form\" class=\"wpcf7\" id=\"wpcf7-f3845-o1\" lang=\"es-ES\" dir=\"ltr\">\n<div class=\"screen-reader-response\"><\/div>\n<form action=\"\/de\/wp-json\/wp\/v2\/pages\/3844\/#wpcf7-f3845-o1\" method=\"post\" class=\"wpcf7-form\" novalidate=\"novalidate\">\n<div style=\"display: none;\">\n<input type=\"hidden\" name=\"_wpcf7\" value=\"3845\" \/>\n<input type=\"hidden\" name=\"_wpcf7_version\" value=\"5.1.7\" \/>\n<input type=\"hidden\" name=\"_wpcf7_locale\" value=\"es_ES\" \/>\n<input type=\"hidden\" name=\"_wpcf7_unit_tag\" value=\"wpcf7-f3845-o1\" \/>\n<input type=\"hidden\" name=\"_wpcf7_container_post\" value=\"0\" \/>\n<\/div>\n<div class=\"buscador_lateral_content\">\n<div id=\"buscador_lateral\">\n<div class=\"fechas_reserva\">\n<div class=\"nombre_reserva\"><label>Name *<\/label><span class=\"wpcf7-form-control-wrap nombre\"><input type=\"text\" name=\"nombre\" value=\"\" size=\"40\" class=\"wpcf7-form-control wpcf7-text wpcf7-validates-as-required\" aria-required=\"true\" aria-invalid=\"false\" \/><\/span><\/div>\n<\/div>\n<p><!-- .fechas_reserva--><\/p>\n<div class=\"fechas_reserva\">\n<div class=\"email_reserva\"><label>Email *<\/label><span class=\"wpcf7-form-control-wrap your-email\"><input type=\"email\" name=\"your-email\" value=\"\" size=\"40\" class=\"wpcf7-form-control wpcf7-text wpcf7-email wpcf7-validates-as-required wpcf7-validates-as-email\" aria-required=\"true\" aria-invalid=\"false\" \/><\/span><\/div>\n<\/div>\n<p><!-- .fechas_reserva--><\/p>\n<div class=\"fechas_reserva\">\n<div class=\"email_reserva\"><label>Datum *<\/label><span class=\"wpcf7-form-control-wrap date_start\"><input type=\"text\" name=\"date_start\" value=\"\" size=\"40\" class=\"wpcf7-form-control wpcf7-text wpcf7-validates-as-required sc_contact_form_date js__datepicker picker__input\" id=\"date_inicio\" aria-required=\"true\" aria-invalid=\"false\" placeholder=\"dd\/mm\/yyyy\" \/><\/span><\/div>\n<\/div>\n<p><!-- .fechas_reserva--><\/p>\n<div class=\"fechas_reserva\">\n<div class=\"telefono_reserva\"><label>Telefon<\/label> <span class=\"wpcf7-form-control-wrap telefono\"><input type=\"text\" name=\"telefono\" value=\"\" size=\"40\" class=\"wpcf7-form-control wpcf7-text\" aria-invalid=\"false\" \/><\/span><\/div>\n<div class=\"tratamiento_reserva\"><label>Art des Events *<\/label><span class=\"wpcf7-form-control-wrap evento\"><input type=\"text\" name=\"evento\" value=\"\" size=\"40\" class=\"wpcf7-form-control wpcf7-text wpcf7-validates-as-required\" aria-required=\"true\" aria-invalid=\"false\" \/><\/span><\/div>\n<\/div>\n<p><!-- .fechas_reserva--><\/p>\n<div class=\"fechas_reserva\">\n<div class=\"fecha_reserva\"><label>Erwachsene *<\/label><span class=\"wpcf7-form-control-wrap personas\"><input type=\"text\" name=\"personas\" value=\"\" size=\"40\" class=\"wpcf7-form-control wpcf7-text wpcf7-validates-as-required\" aria-required=\"true\" aria-invalid=\"false\" \/><\/span><\/div>\n<div class=\"fecha_reserva\"><label>Kinder *<\/label><span class=\"wpcf7-form-control-wrap ninyos\"><input type=\"text\" name=\"ninyos\" value=\"\" size=\"40\" class=\"wpcf7-form-control wpcf7-text wpcf7-validates-as-required\" aria-required=\"true\" aria-invalid=\"false\" \/><\/span><\/div>\n<\/div>\n<p><!-- .fechas_reserva--><\/p>\n<div class=\"fechas_reserva\">\n<span class=\"wpcf7-form-control-wrap acceptance-574\"><span class=\"wpcf7-form-control wpcf7-acceptance\"><span class=\"wpcf7-list-item\"><input type=\"checkbox\" name=\"acceptance-574\" value=\"1\" aria-invalid=\"false\" class=\"input-checkbox\" \/><\/span><\/span><\/span> <a href=\"https:\/\/www.hotellosangelesdenia.com\/politica-de-privacidad\/\" target=\"_blank\">Ich akzeptiere die Datenschutzrichtlinie<\/a>\n<\/div>\n<p><!-- .fechas_reserva--><\/p>\n<div class=\"input_submit_buscador_lateral boton_consultar_disponibilidad\"><input type=\"submit\" value=\"VERF\u00dcGBARKEITSABFRAGE\" class=\"wpcf7-form-control wpcf7-submit reservar_buscador_lateral\" \/><\/div>\n<\/div>\n<p><!-- .buscador_lateral-->\n<\/div>\n<p><!-- .buscador_lateral_content--><\/p>\n<div class=\"wpcf7-response-output wpcf7-display-none\"><\/div><\/form><\/div>[\/vc_column_text][\/vc_column][\/vc_row][vc_row css=&#8220;.vc_custom_1442738727850{margin-top: 90px !important;}&#8220;][vc_column][rev_slider_vc alias=&#8220;galeria_eventos&#8220;][\/vc_column][\/vc_row]<\/p>\n","protected":false},"excerpt":{"rendered":"<p>[vc_row][vc_column width=&#8220;1\/2&#8243; offset=&#8220;vc_col-md-8 vc_col-xs-12&#8243;][vc_column_text] EVENTS FEIERN SIE IHRE EVENTS IM HOTEL LOS \u00c1NGELES D\u00c9NIA Am Meeresstrand, auf der Terrasse oder in jedem unserer Hotels\u00e4le. Das Hotel Los \u00c1ngeles von D\u00e9nia verf\u00fcgt \u00fcber alle Dienstleistungen und Einrichtungen, um Ihre Hochzeitsfeier, Taufe, oder Kommunion unvergesslich werden zu lassen.Wir scheuen keine Anstrengung, um Ihre Bed\u00fcrfnisse zu befriedigen. Wir [&hellip;]<\/p>\n","protected":false},"author":1,"featured_media":0,"parent":0,"menu_order":0,"comment_status":"open","ping_status":"open","template":"page_con_buscador_top.php","meta":{"footnotes":""},"class_list":["post-3844","page","type-page","status-publish","hentry"],"yoast_head":"<!-- This site is optimized with the Yoast SEO plugin v14.0.4 - https:\/\/yoast.com\/wordpress\/plugins\/seo\/ -->\n<title>FEIERN SIE IHRE EVENTS IM HOTEL LOS \u00c1NGELES D\u00c9NIA - Hotel Los \u00c1ngeles Denia<\/title>\n<meta name=\"robots\" content=\"index, follow\" \/>\n<meta name=\"googlebot\" content=\"index, follow, max-snippet:-1, max-image-preview:large, max-video-preview:-1\" \/>\n<meta name=\"bingbot\" content=\"index, follow, max-snippet:-1, max-image-preview:large, max-video-preview:-1\" \/>\n<link rel=\"canonical\" href=\"https:\/\/blog.hotellosangelesdenia.com\/de\/feiern-sie-ihre-events-im-hotel-los-angeles-denia\/\" \/>\n<meta property=\"og:locale\" content=\"de_DE\" \/>\n<meta property=\"og:type\" content=\"article\" \/>\n<meta property=\"og:title\" content=\"FEIERN SIE IHRE EVENTS IM HOTEL LOS \u00c1NGELES D\u00c9NIA - Hotel Los \u00c1ngeles Denia\" \/>\n<meta property=\"og:description\" content=\"[vc_row][vc_column width=&#8220;1\/2&#8243; offset=&#8220;vc_col-md-8 vc_col-xs-12&#8243;][vc_column_text] EVENTS FEIERN SIE IHRE EVENTS IM HOTEL LOS \u00c1NGELES D\u00c9NIA Am Meeresstrand, auf der Terrasse oder in jedem unserer Hotels\u00e4le. Das Hotel Los \u00c1ngeles von D\u00e9nia verf\u00fcgt \u00fcber alle Dienstleistungen und Einrichtungen, um Ihre Hochzeitsfeier, Taufe, oder Kommunion unvergesslich werden zu lassen.Wir scheuen keine Anstrengung, um Ihre Bed\u00fcrfnisse zu befriedigen. Wir [&hellip;]\" \/>\n<meta property=\"og:url\" content=\"https:\/\/blog.hotellosangelesdenia.com\/de\/feiern-sie-ihre-events-im-hotel-los-angeles-denia\/\" \/>\n<meta property=\"og:site_name\" content=\"Hotel Los \u00c1ngeles Denia\" \/>\n<meta property=\"article:modified_time\" content=\"2017-05-03T09:30:20+00:00\" \/>\n<meta name=\"twitter:card\" content=\"summary\" \/>\n<script type=\"application\/ld+json\" class=\"yoast-schema-graph\">{\"@context\":\"https:\/\/schema.org\",\"@graph\":[{\"@type\":\"WebSite\",\"@id\":\"https:\/\/blog.hotellosangelesdenia.com\/de\/#website\",\"url\":\"https:\/\/blog.hotellosangelesdenia.com\/de\/\",\"name\":\"Hotel Los \\u00c1ngeles Denia\",\"description\":\"Hotel Los \\u00c1ngeles Denia\",\"potentialAction\":[{\"@type\":\"SearchAction\",\"target\":\"https:\/\/blog.hotellosangelesdenia.com\/de\/?s={search_term_string}\",\"query-input\":\"required name=search_term_string\"}],\"inLanguage\":\"de\"},{\"@type\":\"WebPage\",\"@id\":\"https:\/\/blog.hotellosangelesdenia.com\/de\/feiern-sie-ihre-events-im-hotel-los-angeles-denia\/#webpage\",\"url\":\"https:\/\/blog.hotellosangelesdenia.com\/de\/feiern-sie-ihre-events-im-hotel-los-angeles-denia\/\",\"name\":\"FEIERN SIE IHRE EVENTS IM HOTEL LOS \\u00c1NGELES D\\u00c9NIA - Hotel Los \\u00c1ngeles Denia\",\"isPartOf\":{\"@id\":\"https:\/\/blog.hotellosangelesdenia.com\/de\/#website\"},\"datePublished\":\"2015-09-22T17:11:01+00:00\",\"dateModified\":\"2017-05-03T09:30:20+00:00\",\"inLanguage\":\"de\",\"potentialAction\":[{\"@type\":\"ReadAction\",\"target\":[\"https:\/\/blog.hotellosangelesdenia.com\/de\/feiern-sie-ihre-events-im-hotel-los-angeles-denia\/\"]}]}]}<\/script>\n<!-- \/ Yoast SEO plugin. -->","_links":{"self":[{"href":"https:\/\/blog.hotellosangelesdenia.com\/de\/wp-json\/wp\/v2\/pages\/3844\/"}],"collection":[{"href":"https:\/\/blog.hotellosangelesdenia.com\/de\/wp-json\/wp\/v2\/pages\/"}],"about":[{"href":"https:\/\/blog.hotellosangelesdenia.com\/de\/wp-json\/wp\/v2\/types\/page\/"}],"author":[{"embeddable":true,"href":"https:\/\/blog.hotellosangelesdenia.com\/de\/wp-json\/wp\/v2\/users\/1\/"}],"replies":[{"embeddable":true,"href":"https:\/\/blog.hotellosangelesdenia.com\/de\/wp-json\/wp\/v2\/comments\/?post=3844"}],"version-history":[{"count":2,"href":"https:\/\/blog.hotellosangelesdenia.com\/de\/wp-json\/wp\/v2\/pages\/3844\/revisions\/"}],"predecessor-version":[{"id":3847,"href":"https:\/\/blog.hotellosangelesdenia.com\/de\/wp-json\/wp\/v2\/pages\/3844\/revisions\/3847\/"}],"wp:attachment":[{"href":"https:\/\/blog.hotellosangelesdenia.com\/de\/wp-json\/wp\/v2\/media\/?parent=3844"}],"curies":[{"name":"wp","href":"https:\/\/api.w.org\/{rel}","templated":true}]}}