{"id":3835,"date":"2015-07-29T14:50:20","date_gmt":"2015-07-29T14:50:20","guid":{"rendered":"https:\/\/www.hotellosangelesdenia.com\/restaurante\/"},"modified":"2017-05-03T09:10:14","modified_gmt":"2017-05-03T09:10:14","slug":"das-restaurant","status":"publish","type":"page","link":"https:\/\/blog.hotellosangelesdenia.com\/de\/das-restaurant\/","title":{"rendered":"Das beste Essen mit dem besten Service<br\/> in der besten Umgebung."},"content":{"rendered":"<p>[vc_row][vc_column css=&#8220;.vc_custom_1456913453101{padding-bottom: 45px !important;}&#8220;][vc_column_text]<\/p>\n<h2 class=\"sc_title sc_title_iconed\" style=\"margin-top: 0px; margin-bottom: 20px;\">Das Restaurant<\/h2>\n<p>[\/vc_column_text][vc_column_text]Das Restaurant des Hotels Los \u00c1ngeles verf\u00fcgt \u00fcber ein ausgezeichnetes gastronimisches Angebot, in einem exkusiven und privilegierten Umfeld mit Meerblick. Mediterrane K\u00fcche, internationale K\u00fcche, einheimische K\u00fcche, eine gro\u03b2e Auswahl von Gerichten, immer zubereitet mit ausgew\u00e4hlten Zutaten und gleichzeitig einer breiten Auswahl regionaler Weine.[\/vc_column_text][vc_column_text css=&#8220;.vc_custom_1493802472936{margin-top: 85px !important;}&#8220;]<\/p>\n<h2 class=\"sc_title sc_title_iconed\" style=\"margin-top: 0px; margin-bottom: 20px;\">Information und Reservierungen<\/h2>\n<p>[\/vc_column_text][vc_column_text]Tel.- 965 786 072 \u2013 965 780 458<br \/>\ne.mail: <a class=\"enlace_hotel\" href=\"mailto:info@hotellosangelesdenia.com\">info@hotellosangelesdenia.com<\/a><br \/>\n<a class=\"enlace_hotel\" href=\"mailto:restaurante@hotellosangelesdenia.com\">restaurante@hotellosangelesdenia.com<\/a>[\/vc_column_text][vc_column_text css=&#8220;.vc_custom_1493802504056{margin-top: 85px !important;}&#8220;]<\/p>\n<h2 class=\"sc_title sc_title_iconed\" style=\"margin-top: 0px; margin-bottom: 20px;\">\u00d6ffnungszeiten<\/h2>\n<p>[\/vc_column_text][vc_column_text]<\/p>\n<table>\n<tbody>\n<tr>\n<th>\u00d6ffnungszeiten<\/th>\n<th>Sommer<\/th>\n<th>Winter<\/th>\n<\/tr>\n<tr>\n<td>Fr\u00fchst\u00fccksbuffet<\/td>\n<td>08:00 bis 10:30<\/td>\n<td>08:00 bis 10:30<\/td>\n<\/tr>\n<tr>\n<td>Mittagessen<\/td>\n<td>13:30 bis 15:45<\/td>\n<td>13:30 bis 15:30<\/td>\n<\/tr>\n<tr>\n<td>Abendessen<\/td>\n<td>20:00 bis 22:45<\/td>\n<td>19:30 bis 22:30<\/td>\n<\/tr>\n<\/tbody>\n<\/table>\n<p>[\/vc_column_text][\/vc_column][\/vc_row][vc_row][vc_column][rev_slider_vc alias=&#8220;carrusel_restaurante&#8220;][\/vc_column][\/vc_row]<\/p>\n","protected":false},"excerpt":{"rendered":"<p>[vc_row][vc_column css=&#8220;.vc_custom_1456913453101{padding-bottom: 45px !important;}&#8220;][vc_column_text] Das Restaurant [\/vc_column_text][vc_column_text]Das Restaurant des Hotels Los \u00c1ngeles verf\u00fcgt \u00fcber ein ausgezeichnetes gastronimisches Angebot, in einem exkusiven und privilegierten Umfeld mit Meerblick. Mediterrane K\u00fcche, internationale K\u00fcche, einheimische K\u00fcche, eine gro\u03b2e Auswahl von Gerichten, immer zubereitet mit ausgew\u00e4hlten Zutaten und gleichzeitig einer breiten Auswahl regionaler Weine.[\/vc_column_text][vc_column_text css=&#8220;.vc_custom_1493802472936{margin-top: 85px !important;}&#8220;] Information und Reservierungen [&hellip;]<\/p>\n","protected":false},"author":1,"featured_media":0,"parent":0,"menu_order":0,"comment_status":"open","ping_status":"open","template":"restaurante.php","meta":{"footnotes":""},"class_list":["post-3835","page","type-page","status-publish","hentry"],"yoast_head":"<!-- This site is optimized with the Yoast SEO plugin v14.0.4 - https:\/\/yoast.com\/wordpress\/plugins\/seo\/ -->\n<title>Das beste Essen mit dem besten Service in der besten Umgebung. - Hotel Los \u00c1ngeles Denia<\/title>\n<meta name=\"robots\" content=\"index, follow\" \/>\n<meta name=\"googlebot\" content=\"index, follow, max-snippet:-1, max-image-preview:large, max-video-preview:-1\" \/>\n<meta name=\"bingbot\" content=\"index, follow, max-snippet:-1, max-image-preview:large, max-video-preview:-1\" \/>\n<link rel=\"canonical\" href=\"https:\/\/blog.hotellosangelesdenia.com\/de\/das-restaurant\/\" \/>\n<meta property=\"og:locale\" content=\"de_DE\" \/>\n<meta property=\"og:type\" content=\"article\" \/>\n<meta property=\"og:title\" content=\"Das beste Essen mit dem besten Service in der besten Umgebung. - Hotel Los \u00c1ngeles Denia\" \/>\n<meta property=\"og:description\" content=\"[vc_row][vc_column css=&#8220;.vc_custom_1456913453101{padding-bottom: 45px !important;}&#8220;][vc_column_text] Das Restaurant [\/vc_column_text][vc_column_text]Das Restaurant des Hotels Los \u00c1ngeles verf\u00fcgt \u00fcber ein ausgezeichnetes gastronimisches Angebot, in einem exkusiven und privilegierten Umfeld mit Meerblick. Mediterrane K\u00fcche, internationale K\u00fcche, einheimische K\u00fcche, eine gro\u03b2e Auswahl von Gerichten, immer zubereitet mit ausgew\u00e4hlten Zutaten und gleichzeitig einer breiten Auswahl regionaler Weine.[\/vc_column_text][vc_column_text css=&#8220;.vc_custom_1493802472936{margin-top: 85px !important;}&#8220;] Information und Reservierungen [&hellip;]\" \/>\n<meta property=\"og:url\" content=\"https:\/\/blog.hotellosangelesdenia.com\/de\/das-restaurant\/\" \/>\n<meta property=\"og:site_name\" content=\"Hotel Los \u00c1ngeles Denia\" \/>\n<meta property=\"article:modified_time\" content=\"2017-05-03T09:10:14+00:00\" \/>\n<meta name=\"twitter:card\" content=\"summary\" \/>\n<script type=\"application\/ld+json\" class=\"yoast-schema-graph\">{\"@context\":\"https:\/\/schema.org\",\"@graph\":[{\"@type\":\"WebSite\",\"@id\":\"https:\/\/blog.hotellosangelesdenia.com\/de\/#website\",\"url\":\"https:\/\/blog.hotellosangelesdenia.com\/de\/\",\"name\":\"Hotel Los \\u00c1ngeles Denia\",\"description\":\"Hotel Los \\u00c1ngeles Denia\",\"potentialAction\":[{\"@type\":\"SearchAction\",\"target\":\"https:\/\/blog.hotellosangelesdenia.com\/de\/?s={search_term_string}\",\"query-input\":\"required name=search_term_string\"}],\"inLanguage\":\"de\"},{\"@type\":\"WebPage\",\"@id\":\"https:\/\/blog.hotellosangelesdenia.com\/de\/das-restaurant\/#webpage\",\"url\":\"https:\/\/blog.hotellosangelesdenia.com\/de\/das-restaurant\/\",\"name\":\"Das beste Essen mit dem besten Service in der besten Umgebung. - Hotel Los \\u00c1ngeles Denia\",\"isPartOf\":{\"@id\":\"https:\/\/blog.hotellosangelesdenia.com\/de\/#website\"},\"datePublished\":\"2015-07-29T14:50:20+00:00\",\"dateModified\":\"2017-05-03T09:10:14+00:00\",\"inLanguage\":\"de\",\"potentialAction\":[{\"@type\":\"ReadAction\",\"target\":[\"https:\/\/blog.hotellosangelesdenia.com\/de\/das-restaurant\/\"]}]}]}<\/script>\n<!-- \/ Yoast SEO plugin. -->","_links":{"self":[{"href":"https:\/\/blog.hotellosangelesdenia.com\/de\/wp-json\/wp\/v2\/pages\/3835\/"}],"collection":[{"href":"https:\/\/blog.hotellosangelesdenia.com\/de\/wp-json\/wp\/v2\/pages\/"}],"about":[{"href":"https:\/\/blog.hotellosangelesdenia.com\/de\/wp-json\/wp\/v2\/types\/page\/"}],"author":[{"embeddable":true,"href":"https:\/\/blog.hotellosangelesdenia.com\/de\/wp-json\/wp\/v2\/users\/1\/"}],"replies":[{"embeddable":true,"href":"https:\/\/blog.hotellosangelesdenia.com\/de\/wp-json\/wp\/v2\/comments\/?post=3835"}],"version-history":[{"count":2,"href":"https:\/\/blog.hotellosangelesdenia.com\/de\/wp-json\/wp\/v2\/pages\/3835\/revisions\/"}],"predecessor-version":[{"id":3837,"href":"https:\/\/blog.hotellosangelesdenia.com\/de\/wp-json\/wp\/v2\/pages\/3835\/revisions\/3837\/"}],"wp:attachment":[{"href":"https:\/\/blog.hotellosangelesdenia.com\/de\/wp-json\/wp\/v2\/media\/?parent=3835"}],"curies":[{"name":"wp","href":"https:\/\/api.w.org\/{rel}","templated":true}]}}