{"id":3804,"date":"2015-07-28T16:34:02","date_gmt":"2015-07-28T16:34:02","guid":{"rendered":"https:\/\/www.hotellosangelesdenia.com\/historia\/"},"modified":"2017-05-02T13:51:08","modified_gmt":"2017-05-02T13:51:08","slug":"die-geschichte-des-hotels-los-angeles-ihrem-hotel-direkt-am-strand","status":"publish","type":"page","link":"https:\/\/blog.hotellosangelesdenia.com\/de\/die-geschichte-des-hotels-los-angeles-ihrem-hotel-direkt-am-strand\/","title":{"rendered":"DIE GESCHICHTE DES HOTELS LOS \u00c1NGELES;<br\/> IHREM HOTEL DIREKT AM STRAND"},"content":{"rendered":"<p>[vc_row][vc_column]<div class=\"sc_section\"><\/div>[\/vc_column][\/vc_row][vc_row][vc_column][vc_column_text css=&#8220;.vc_custom_1493732881299{padding-bottom: 45px !important;}&#8220;]<\/p>\n<h2 class=\"sc_title sc_title_iconed\" style=\"margin-top: 0px;\">Ein Hotel, das auf eine lange Geschichte zur\u00fcckblickt<\/h2>\n<p>[\/vc_column_text][\/vc_column][\/vc_row][vc_row][vc_column width=&#8220;1\/2&#8243; css=&#8220;.vc_custom_1456911429432{padding-bottom: 45px !important;}&#8220;][vc_column_text]Im Jahre 1955-1956 suchte Don Francisco Estrela, Industieller aus Madrid und verliebt in die Stadt Denia, eins der besten Grundst\u00fccke, um ein Hotel direkt am Strand zu errichten, einer der wenigen Wegbereiter, da zu dieser Zeit die Grundst\u00fccke in erster Meereslinie keineswegs zu den h\u00f6chstgehandelsten geh\u00f6rten. Er w\u00e4hle die besten 100 Meter mit Meerblick am Strand von Las Marinas aus.<\/p>\n<p>Sehr wahrscheinlich ist der km 4, wo sich das Hotel befindet, einer der meist gesch\u00e4tzten aus verschiedenen Gr\u00fcnden: die Sauberkeit seiner Str\u00e4nde, eine Fauna und Flora mit einer au\u03b2ergew\u00f6hnlichen marinen Sch\u00f6nheit, sowie ein Referenzpunkt f\u00fcr Fischer und Taucher.<\/p>\n<p>Im Jahre 1959 fing man an, ein kleines Hotel in mehreren Etappen zu bauen. Nach Abschluss der Bauarbeiten in 1961 verf\u00fcgte es \u00fcber 58 Zimmer, vierzig davon mit Meerblick und 18 mit Blick auf die S\u00fcdseite des Hotels und den Berg Montg\u00f3 (damals hatten die Zimmer mit Meerblick Terrassen).<\/p>\n<p>Die \u00d6ffnungszeiten des Hotels waren in diesen Jahren sehr kurz: man \u00f6ffnete nur vier Monate im Jahr, von Ostern bis September.[\/vc_column_text][\/vc_column][vc_column width=&#8220;1\/2&#8243; css=&#8220;.vc_custom_1456911423412{padding-bottom: 45px !important;}&#8220;]<figure class=\"sc_image  sc_image_shape_square\"><img decoding=\"async\" src=\"https:\/\/blog.hotellosangelesdenia.com\/wp-content\/uploads\/2015\/07\/historia-1.jpg\" alt=\"\" \/><\/figure>[\/vc_column][\/vc_row][vc_row][vc_column width=&#8220;1\/2&#8243; css=&#8220;.vc_custom_1456911545867{padding-bottom: 45px !important;}&#8220;]<figure class=\"sc_image  sc_image_shape_square\"><img decoding=\"async\" src=\"https:\/\/blog.hotellosangelesdenia.com\/wp-content\/uploads\/2015\/07\/historia-2.jpg\" alt=\"\" \/><\/figure>[\/vc_column][vc_column width=&#8220;1\/2&#8243; css=&#8220;.vc_custom_1456911552145{padding-bottom: 45px !important;}&#8220;][vc_column_text]Es war 1964 als Antonio Sell\u00e9s, Vater der jetzigen Direktorin und Eigent\u00fcmerin, die Leitung eines Hotels in Benidorm abgabt und in seine Heimatstadt zur\u00fcckkehrte, um die Leitung des Hotels Los \u00c1ngeles zu \u00fcbernehmen. Zwei Jahre sp\u00e4ter heiratete er Maruja Mart\u00ednez und sie f\u00fchrten das Hotel, gr\u00fcndeten ihre Familie, und ihr Leben kreiste immer um das Gleiche.<\/p>\n<p>In den sechziger Jahren arbeitete er bereits mit nationaler und internationaler Hotelkundschaft. W\u00e4hrend der Sommermonate kamen zahlreiche Hotelg\u00e4ste aus Madrid, w\u00e4hrend Juli eher Zulauf aus Frankreich hatte.<\/p>\n<p>Der gr\u00f6\u03b2te Stolz, sowohl der Familie Sell\u00e9s wie auch des Hotelteams ist, Jahr f\u00fcr Jahr aufs Neue eine grosse Anzahl dieser Familen wiederbegr\u00fcssen zu k\u00f6nnen, die dem Hotel treu geblieben sind. Treue und Tradition, die von den Eltern auf die Kinder \u00fcbertragen wird und uns mit Genugtuung erf\u00fcllt.<\/p>\n<p>Auch m\u00f6chten wir dem Gast danken, der das Hotel erst seit kurzer Zeit kennt, aber der sich gleichfalls wohl bei uns f\u00fchlt.[\/vc_column_text][\/vc_column][\/vc_row][vc_row][vc_column width=&#8220;1\/2&#8243; css=&#8220;.vc_custom_1456911661106{padding-bottom: 45px !important;}&#8220;][vc_column_text]In 1983 erwirbt das Ehepaar Sell\u00e9s das Alleineigentum des Hotels. Seitdem hat es eine einzige Pr\u00e4misse: &#8222;die Verpflichtung, sich Jahr f\u00fcr Jahr zu verbessern&#8220;. Die erzielten Gewinne, nach viel Anstrengung, wurden in die Verbesserung des Hotels investiert. Davon zeugt die Anzahl von Reparaturen und Verbesserungen, die w\u00e4hrend all dieser Jahre vorgenommen wurden.<\/p>\n<p>Bald darauf wurde die Lage des Restaurants ge\u00e4ndert. Es wurde in den ehemaligen Kaffeebarbereich verlegt, und die ehemalige K\u00fcche diente als Lagerbereich. Ebenso wurden die Esszimmer verlegt, um die Eingangshalle zu vergr\u00f6\u03b2ern.<\/p>\n<p>In den neunziger Jahren wurde die Rezeption transformiert. Ehemals neben der Treppe, die zu den Hotelzimmern f\u00fchrte, wurde die neue Rezeption besser platziert, und zwar neben der Eingangst\u00fcr der Empfangshalle.<\/p>\n<p>Die wesentlichste Umgestaltung fand im Jahre 1994-1995 statt. In diesem Zeitabschnitt wurden die Zimmer des Hotels v\u00f6llig renoviert, es wurden nur die Grundpfeiler gelassen und eine wichtige Reform der sechzig Hotelzimmer, B\u00e4der, G\u00e4nge etc. vorgenommen. Auch \u00e4ndete sich die S\u00fcdseite des Hotels, da alle Zimmer mit einer Terrasse versehen wurden.[\/vc_column_text][\/vc_column][vc_column width=&#8220;1\/2&#8243; css=&#8220;.vc_custom_1456911654757{padding-bottom: 45px !important;}&#8220;]<figure class=\"sc_image  sc_image_shape_square\"><img decoding=\"async\" src=\"https:\/\/blog.hotellosangelesdenia.com\/wp-content\/uploads\/2015\/07\/historia-3.jpg\" alt=\"\" \/><\/figure>[\/vc_column][\/vc_row][vc_row][vc_column width=&#8220;1\/2&#8243; css=&#8220;.vc_custom_1456911737434{padding-bottom: 45px !important;}&#8220;]<figure class=\"sc_image  sc_image_shape_square\"><img decoding=\"async\" src=\"https:\/\/blog.hotellosangelesdenia.com\/wp-content\/uploads\/2015\/07\/historia-4.jpg\" alt=\"\" \/><\/figure>[\/vc_column][vc_column width=&#8220;1\/2&#8243; css=&#8220;.vc_custom_1456911730732{padding-bottom: 45px !important;}&#8220;][vc_column_text]Die zweite wichtige Umgestaltung fand 2002-2003 statt, in diesem Jahr wurde die Kapazit\u00e4t des Hotels erh\u00f6ht, da 19 neue Zimmer errichtet wurden, elf im dritten Stock, wundersch\u00f6ne Penthausuiten, in bevorzugter Lage direkt am Meer.<\/p>\n<p>Selbst wenn in der Mehrzahl der vergangenen Jahre keine gro\u03b2en Reformen ausgef\u00fchrt wurden, wurde immer und jedes Jahr sowohl die innere Dekoration als auch die \u00e4ussere Gestaltung bis in das kleinste Details gepflegt. Um einige Beispiele zu nennen der Weinkeller des Restaurants, die Pergola direkt am Meer, die Strandbar und die Pflege der G\u00e4rten und Terrassen rund ums Hotel.<\/p>\n<p>2005 wurde der Pool direkt am Meer gebaut.<\/p>\n<p>2006, au\u03b2er der Ausbesserung der Schreinerarbeiten, Beleuchtung und Mobiliar der Hotelzimmer, hat man das Visitenkarte des Hotels, den Eingangsbereich, verbessert, um die Hotelg\u00e4ste so wie sie es verdienen, willkommen zu hei\u03b2en, mit wundervollen Mauern aus Bruchsteinmauerwerk, einem beleuchteten, gepflasterten Boden, eine Pergola, um die Autos im Schatten parken zu k\u00f6nnen und einen Brunnen, um die warmen Sommmern\u00e4chte zu erfrischen.[\/vc_column_text][\/vc_column][\/vc_row][vc_row][vc_column][vc_column_text]In diesem Sinne der Spitzenleistung durch Qualit\u00e4t, erhielt es im Jahre 2008 das renommierte Service-Q-Zetifikat der Fremdenverkehrsqualit\u00e4t, und es ist das einzige Hotel D\u00e9nias, das es heutzutage noch tr\u00e4gt.[\/vc_column_text][\/vc_column][\/vc_row]<\/p>\n","protected":false},"excerpt":{"rendered":"<p>[vc_row][vc_column][\/vc_column][\/vc_row][vc_row][vc_column][vc_column_text css=&#8220;.vc_custom_1493732881299{padding-bottom: 45px !important;}&#8220;] Ein Hotel, das auf eine lange Geschichte zur\u00fcckblickt [\/vc_column_text][\/vc_column][\/vc_row][vc_row][vc_column width=&#8220;1\/2&#8243; css=&#8220;.vc_custom_1456911429432{padding-bottom: 45px !important;}&#8220;][vc_column_text]Im Jahre 1955-1956 suchte Don Francisco Estrela, Industieller aus Madrid und verliebt in die Stadt Denia, eins der besten Grundst\u00fccke, um ein Hotel direkt am Strand zu errichten, einer der wenigen Wegbereiter, da zu dieser Zeit die Grundst\u00fccke in [&hellip;]<\/p>\n","protected":false},"author":1,"featured_media":0,"parent":0,"menu_order":0,"comment_status":"open","ping_status":"open","template":"hotel.php","meta":{"footnotes":""},"class_list":["post-3804","page","type-page","status-publish","hentry"],"yoast_head":"<!-- This site is optimized with the Yoast SEO plugin v14.0.4 - https:\/\/yoast.com\/wordpress\/plugins\/seo\/ -->\n<title>DIE GESCHICHTE DES HOTELS LOS \u00c1NGELES; IHREM HOTEL DIREKT AM STRAND - Hotel Los \u00c1ngeles Denia<\/title>\n<meta name=\"robots\" content=\"index, follow\" \/>\n<meta name=\"googlebot\" content=\"index, follow, max-snippet:-1, max-image-preview:large, max-video-preview:-1\" \/>\n<meta name=\"bingbot\" content=\"index, follow, max-snippet:-1, max-image-preview:large, max-video-preview:-1\" \/>\n<link rel=\"canonical\" href=\"https:\/\/blog.hotellosangelesdenia.com\/de\/die-geschichte-des-hotels-los-angeles-ihrem-hotel-direkt-am-strand\/\" \/>\n<meta property=\"og:locale\" content=\"de_DE\" \/>\n<meta property=\"og:type\" content=\"article\" \/>\n<meta property=\"og:title\" content=\"DIE GESCHICHTE DES HOTELS LOS \u00c1NGELES; IHREM HOTEL DIREKT AM STRAND - Hotel Los \u00c1ngeles Denia\" \/>\n<meta property=\"og:description\" content=\"[vc_row][vc_column][\/vc_column][\/vc_row][vc_row][vc_column][vc_column_text css=&#8220;.vc_custom_1493732881299{padding-bottom: 45px !important;}&#8220;] Ein Hotel, das auf eine lange Geschichte zur\u00fcckblickt [\/vc_column_text][\/vc_column][\/vc_row][vc_row][vc_column width=&#8220;1\/2&#8243; css=&#8220;.vc_custom_1456911429432{padding-bottom: 45px !important;}&#8220;][vc_column_text]Im Jahre 1955-1956 suchte Don Francisco Estrela, Industieller aus Madrid und verliebt in die Stadt Denia, eins der besten Grundst\u00fccke, um ein Hotel direkt am Strand zu errichten, einer der wenigen Wegbereiter, da zu dieser Zeit die Grundst\u00fccke in [&hellip;]\" \/>\n<meta property=\"og:url\" content=\"https:\/\/blog.hotellosangelesdenia.com\/de\/die-geschichte-des-hotels-los-angeles-ihrem-hotel-direkt-am-strand\/\" \/>\n<meta property=\"og:site_name\" content=\"Hotel Los \u00c1ngeles Denia\" \/>\n<meta property=\"article:modified_time\" content=\"2017-05-02T13:51:08+00:00\" \/>\n<meta name=\"twitter:card\" content=\"summary\" \/>\n<script type=\"application\/ld+json\" class=\"yoast-schema-graph\">{\"@context\":\"https:\/\/schema.org\",\"@graph\":[{\"@type\":\"WebSite\",\"@id\":\"https:\/\/blog.hotellosangelesdenia.com\/de\/#website\",\"url\":\"https:\/\/blog.hotellosangelesdenia.com\/de\/\",\"name\":\"Hotel Los \\u00c1ngeles Denia\",\"description\":\"Hotel Los \\u00c1ngeles Denia\",\"potentialAction\":[{\"@type\":\"SearchAction\",\"target\":\"https:\/\/blog.hotellosangelesdenia.com\/de\/?s={search_term_string}\",\"query-input\":\"required name=search_term_string\"}],\"inLanguage\":\"de\"},{\"@type\":\"WebPage\",\"@id\":\"https:\/\/blog.hotellosangelesdenia.com\/de\/die-geschichte-des-hotels-los-angeles-ihrem-hotel-direkt-am-strand\/#webpage\",\"url\":\"https:\/\/blog.hotellosangelesdenia.com\/de\/die-geschichte-des-hotels-los-angeles-ihrem-hotel-direkt-am-strand\/\",\"name\":\"DIE GESCHICHTE DES HOTELS LOS \\u00c1NGELES; IHREM HOTEL DIREKT AM STRAND - Hotel Los \\u00c1ngeles Denia\",\"isPartOf\":{\"@id\":\"https:\/\/blog.hotellosangelesdenia.com\/de\/#website\"},\"datePublished\":\"2015-07-28T16:34:02+00:00\",\"dateModified\":\"2017-05-02T13:51:08+00:00\",\"inLanguage\":\"de\",\"potentialAction\":[{\"@type\":\"ReadAction\",\"target\":[\"https:\/\/blog.hotellosangelesdenia.com\/de\/die-geschichte-des-hotels-los-angeles-ihrem-hotel-direkt-am-strand\/\"]}]}]}<\/script>\n<!-- \/ Yoast SEO plugin. -->","_links":{"self":[{"href":"https:\/\/blog.hotellosangelesdenia.com\/de\/wp-json\/wp\/v2\/pages\/3804\/"}],"collection":[{"href":"https:\/\/blog.hotellosangelesdenia.com\/de\/wp-json\/wp\/v2\/pages\/"}],"about":[{"href":"https:\/\/blog.hotellosangelesdenia.com\/de\/wp-json\/wp\/v2\/types\/page\/"}],"author":[{"embeddable":true,"href":"https:\/\/blog.hotellosangelesdenia.com\/de\/wp-json\/wp\/v2\/users\/1\/"}],"replies":[{"embeddable":true,"href":"https:\/\/blog.hotellosangelesdenia.com\/de\/wp-json\/wp\/v2\/comments\/?post=3804"}],"version-history":[{"count":2,"href":"https:\/\/blog.hotellosangelesdenia.com\/de\/wp-json\/wp\/v2\/pages\/3804\/revisions\/"}],"predecessor-version":[{"id":3806,"href":"https:\/\/blog.hotellosangelesdenia.com\/de\/wp-json\/wp\/v2\/pages\/3804\/revisions\/3806\/"}],"wp:attachment":[{"href":"https:\/\/blog.hotellosangelesdenia.com\/de\/wp-json\/wp\/v2\/media\/?parent=3804"}],"curies":[{"name":"wp","href":"https:\/\/api.w.org\/{rel}","templated":true}]}}