{"id":3801,"date":"2015-09-23T16:12:26","date_gmt":"2015-09-23T16:12:26","guid":{"rendered":"https:\/\/www.hotellosangelesdenia.com\/nuestro-hotel-esta-en-el-mejor-entorno\/"},"modified":"2017-05-02T13:32:35","modified_gmt":"2017-05-02T13:32:35","slug":"lage-und-umgebung","status":"publish","type":"page","link":"https:\/\/blog.hotellosangelesdenia.com\/de\/lage-und-umgebung\/","title":{"rendered":"Lage und Umgebung"},"content":{"rendered":"<p>[vc_row][vc_column css=&#8220;.vc_custom_1443024820135{margin-bottom: 40px !important;}&#8220;][vc_column_text]<\/p>\n<h1 class=\"h1_size1 sc_title sc_title_regular\" style=\"margin-top: 0.8em; margin-bottom: 0px;\">UNSER STRAND<\/h1>\n<p>[\/vc_column_text][\/vc_column][\/vc_row][vc_row css=&#8220;.vc_custom_1443025561832{margin-bottom: 20px !important;}&#8220;][vc_column width=&#8220;1\/2&#8243; offset=&#8220;vc_col-lg-6 vc_col-xs-12&#8243;][vc_column_text]Unser Hotel befindet sich am <strong>Strand Les Bovetes<\/strong>, der allj\u00e4hrlich die h\u00f6chste Qualit\u00e4tsauszeichnung erh\u00e4lt: die blaue Flagge.<\/p>\n<p>Er ist ideal f\u00fcr Familien, seine Oberfl\u00e4che besteht aus feinem Sand und seine Gew\u00e4sser erm\u00f6glichen das Tauchen und die Schifffahrt ( das Hotel verf\u00fcgt \u00fcber Kajaks, um kleine Routen durchzuf\u00fchren).[\/vc_column_text][\/vc_column][vc_column width=&#8220;1\/2&#8243; offset=&#8220;vc_col-xs-12&#8243;][vc_column_text]Die Strandspazierg\u00e4nge geh\u00f6ren zu den beliebtesten Ausfl\u00fcgen der G\u00e4ste.<\/p>\n<p><strong>Els Molins<\/strong>, <strong>l\u00b4Estany\u00f3<\/strong>, <strong>l\u00b4Almadrava<\/strong>, <strong>les Deveses und Santa Anna<\/strong> sind die n\u00f6rdlich gelegenen Str\u00e4nde. S\u00fcdlich k\u00f6nnen wir den breiten <strong>Strand von Las Marinas<\/strong> und den Stadtstrand <strong>Punta del Raset<\/strong> erkunden.[\/vc_column_text][\/vc_column][\/vc_row][vc_row css=&#8220;.vc_custom_1443025592965{margin-bottom: 96px !important;}&#8220;][vc_column][vc_masonry_media_grid style=&#8220;lazy&#8220; items_per_page=&#8220;3&#8243; gap=&#8220;30&#8243; grid_id=&#8220;vc_gid:1493731644688-bc492c37-385e-4&#8243; include=&#8220;2923,2924,2925&#8243;][\/vc_column][\/vc_row][vc_row][vc_column css=&#8220;.vc_custom_1443024820135{margin-bottom: 40px !important;}&#8220;][vc_column_text]<\/p>\n<h1 class=\"h1_size1 sc_title sc_title_regular\" style=\"margin-top: 0.8em; margin-bottom: 0px;\">HISTORISCHES ERBE UND MUSEEN<\/h1>\n<p>[\/vc_column_text][\/vc_column][\/vc_row][vc_row css=&#8220;.vc_custom_1443025552316{margin-bottom: 20px !important;}&#8220;][vc_column width=&#8220;1\/2&#8243; offset=&#8220;vc_col-lg-6 vc_col-xs-12&#8243;][vc_column_text]Das Stadtzentrum von D\u00e9nia (41.000 Einwohner) ist nur 4 km vom Hotel entfernt. Eine Besichtigung der Altstadt und ihrem Schloss (XI Jahrhundert) l\u00e4sst uns die Bedeutung ahnen, die die Hauptstadt der Marina Alta seit der r\u00f6mischen Zeit (Dianium) und der arabischen Zeit (Daniya) Zeit hatte.<\/p>\n<p>D\u00e9nia verf\u00fcgt \u00fcber ein gro\u03b2es Angebot an Museen (arch\u00e4ologisches Museum,Volkskundemuseum, Spielzeugmuseum).[\/vc_column_text][\/vc_column][vc_column width=&#8220;1\/2&#8243; offset=&#8220;vc_col-xs-12&#8243;][vc_column_text]Bestaunen sie drei religi\u00f6se Bauten: die Kirche von l\u00b4Assumpci\u00f3 (XVIII Jh.), das Augustinerkloster (1604) und die Kirche von Sant Antoni (XVIII Jh.). Auch ist es empfehlenswert, die drei Eroberungskapellen auf dem Berg Montg\u00f3 zu besuchen: Sant Joan, Santa Paula und Santa Lucia (XIV-XV Jh.).<\/p>\n<p>In derselben Naturkulisse erhebt sich die Kapelle des Pare Pere, der von der Bev\u00f6lkerung verehrteste Geistliche.[\/vc_column_text][\/vc_column][\/vc_row][vc_row css=&#8220;.vc_custom_1443025584545{margin-bottom: 96px !important;}&#8220;][vc_column][vc_masonry_media_grid style=&#8220;lazy&#8220; items_per_page=&#8220;3&#8243; gap=&#8220;30&#8243; grid_id=&#8220;vc_gid:1493731644702-92f7bc6c-2018-5&#8243; include=&#8220;2945,2946,2947&#8243;][\/vc_column][\/vc_row][vc_row][vc_column css=&#8220;.vc_custom_1443024820135{margin-bottom: 40px !important;}&#8220;][vc_column_text]<\/p>\n<h1 class=\"h1_size1 sc_title sc_title_regular\" style=\"margin-top: 0.8em; margin-bottom: 0px;\">NATURPARKS<\/h1>\n<p>[\/vc_column_text][\/vc_column][\/vc_row][vc_row css=&#8220;.vc_custom_1443025542998{margin-bottom: 20px !important;}&#8220;][vc_column width=&#8220;1\/2&#8243; offset=&#8220;vc_col-lg-6 vc_col-xs-12&#8243;][vc_column_text]Durch seine geographische Lage befindet sich das Hotel in der N\u00e4he des Naturparks Montg\u00f3, des Naturreservats Kap San Antonio und des Naturparks Marejal Pego-Oliva.Die drei von der Regionalverwaltung Valencias gesch\u00fctzten Gerbiete k\u00f6nnen besucht werden.<\/p>\n<p>Der Montg\u00f3 ist ein 752 Meter hoher Berg, der sich wie ein Wachturm am Meer erhebt.[\/vc_column_text][\/vc_column][vc_column width=&#8220;1\/2&#8243; offset=&#8220;vc_col-xs-12&#8243;][vc_column_text]Seine Flora und Fauna machen ihn einzigartig auf der Halbinsel des Mittelmeeres, ebenso wie seine Ausl\u00e4ufer in das Meeresreservat am Kap San Antonio.<\/p>\n<p>Der Naturpark Marejal Pego-Oliva ist das viertwichtigste Feuchtgebiet Spaniens und hebt sich durch seine gro\u03b2e Vielfalt und Zustrom von V\u00f6geln hervor.[\/vc_column_text][\/vc_column][\/vc_row][vc_row css=&#8220;.vc_custom_1443025576066{margin-bottom: 96px !important;}&#8220;][vc_column][vc_masonry_media_grid style=&#8220;lazy&#8220; items_per_page=&#8220;3&#8243; gap=&#8220;30&#8243; grid_id=&#8220;vc_gid:1493731644712-a2e6391a-ced5-6&#8243; include=&#8220;2948,2949,2950&#8243;][\/vc_column][\/vc_row][vc_row][vc_column css=&#8220;.vc_custom_1443024820135{margin-bottom: 40px !important;}&#8220;][vc_column_text]<\/p>\n<h1 class=\"h1_size1 sc_title sc_title_regular\" style=\"margin-top: 0.8em; margin-bottom: 0px;\">FREIZEIT UND SPORT<\/h1>\n<p>[\/vc_column_text][\/vc_column][\/vc_row][vc_row css=&#8220;.vc_custom_1443025534122{margin-bottom: 20px !important;}&#8220;][vc_column width=&#8220;1\/2&#8243; offset=&#8220;vc_col-lg-6 vc_col-xs-12&#8243;][vc_column_text]Der Hafen von D\u00e9nia verf\u00fcgt \u00fcber mehr als 2.000 Ankerpl\u00e4tze f\u00fcr Sportboote. Er hat insgesamt drei \u00f6ffentliche und private Segelclubs.<\/p>\n<p>Im Moll de Martell segeln Katamarane und Golondrinas regelm\u00e4\u03b2ig zu dem Meeresreservat am Kap San Antonio, und von der Hafenanlage D\u00e9nias aus wird die Halbinsel mit Ibiza, Formentera und Mallorca verbunden.[\/vc_column_text][\/vc_column][vc_column width=&#8220;1\/2&#8243; offset=&#8220;vc_col-xs-12&#8243;][vc_column_text]F\u00fcr die Golfliebhaber gibt es in der Stadt Instalationen, um diesen Sport auszu\u00fcben.<\/p>\n<p>In der Stra\u03b2e Marqu\u00e9s del Campo und den angrenzenden Gebieten &#8211; der Stadtmitte- konzentrieren sich die exklusivsten L\u00e4den f\u00fcr Mode und Accessoires. Daneben befindet sich die st\u00e4dtische Markthalle.[\/vc_column_text][\/vc_column][\/vc_row][vc_row css=&#8220;.vc_custom_1443025601059{margin-bottom: 96px !important;}&#8220;][vc_column][vc_masonry_media_grid style=&#8220;lazy&#8220; items_per_page=&#8220;3&#8243; gap=&#8220;30&#8243; grid_id=&#8220;vc_gid:1493731644722-fd76d123-dc5d-0&#8243; include=&#8220;2933,2934,2935&#8243;][\/vc_column][\/vc_row]<\/p>\n","protected":false},"excerpt":{"rendered":"<p>[vc_row][vc_column css=&#8220;.vc_custom_1443024820135{margin-bottom: 40px !important;}&#8220;][vc_column_text] UNSER STRAND [\/vc_column_text][\/vc_column][\/vc_row][vc_row css=&#8220;.vc_custom_1443025561832{margin-bottom: 20px !important;}&#8220;][vc_column width=&#8220;1\/2&#8243; offset=&#8220;vc_col-lg-6 vc_col-xs-12&#8243;][vc_column_text]Unser Hotel befindet sich am Strand Les Bovetes, der allj\u00e4hrlich die h\u00f6chste Qualit\u00e4tsauszeichnung erh\u00e4lt: die blaue Flagge. Er ist ideal f\u00fcr Familien, seine Oberfl\u00e4che besteht aus feinem Sand und seine Gew\u00e4sser erm\u00f6glichen das Tauchen und die Schifffahrt ( das Hotel verf\u00fcgt \u00fcber Kajaks, [&hellip;]<\/p>\n","protected":false},"author":1,"featured_media":0,"parent":0,"menu_order":0,"comment_status":"open","ping_status":"open","template":"hotel.php","meta":{"footnotes":""},"class_list":["post-3801","page","type-page","status-publish","hentry"],"yoast_head":"<!-- This site is optimized with the Yoast SEO plugin v14.0.4 - https:\/\/yoast.com\/wordpress\/plugins\/seo\/ -->\n<title>Lage und Umgebung - Hotel Los \u00c1ngeles Denia<\/title>\n<meta name=\"robots\" content=\"index, follow\" \/>\n<meta name=\"googlebot\" content=\"index, follow, max-snippet:-1, max-image-preview:large, max-video-preview:-1\" \/>\n<meta name=\"bingbot\" content=\"index, follow, max-snippet:-1, max-image-preview:large, max-video-preview:-1\" \/>\n<link rel=\"canonical\" href=\"https:\/\/blog.hotellosangelesdenia.com\/de\/lage-und-umgebung\/\" \/>\n<meta property=\"og:locale\" content=\"de_DE\" \/>\n<meta property=\"og:type\" content=\"article\" \/>\n<meta property=\"og:title\" content=\"Lage und Umgebung - Hotel Los \u00c1ngeles Denia\" \/>\n<meta property=\"og:description\" content=\"[vc_row][vc_column css=&#8220;.vc_custom_1443024820135{margin-bottom: 40px !important;}&#8220;][vc_column_text] UNSER STRAND [\/vc_column_text][\/vc_column][\/vc_row][vc_row css=&#8220;.vc_custom_1443025561832{margin-bottom: 20px !important;}&#8220;][vc_column width=&#8220;1\/2&#8243; offset=&#8220;vc_col-lg-6 vc_col-xs-12&#8243;][vc_column_text]Unser Hotel befindet sich am Strand Les Bovetes, der allj\u00e4hrlich die h\u00f6chste Qualit\u00e4tsauszeichnung erh\u00e4lt: die blaue Flagge. Er ist ideal f\u00fcr Familien, seine Oberfl\u00e4che besteht aus feinem Sand und seine Gew\u00e4sser erm\u00f6glichen das Tauchen und die Schifffahrt ( das Hotel verf\u00fcgt \u00fcber Kajaks, [&hellip;]\" \/>\n<meta property=\"og:url\" content=\"https:\/\/blog.hotellosangelesdenia.com\/de\/lage-und-umgebung\/\" \/>\n<meta property=\"og:site_name\" content=\"Hotel Los \u00c1ngeles Denia\" \/>\n<meta property=\"article:modified_time\" content=\"2017-05-02T13:32:35+00:00\" \/>\n<meta name=\"twitter:card\" content=\"summary\" \/>\n<script type=\"application\/ld+json\" class=\"yoast-schema-graph\">{\"@context\":\"https:\/\/schema.org\",\"@graph\":[{\"@type\":\"WebSite\",\"@id\":\"https:\/\/blog.hotellosangelesdenia.com\/de\/#website\",\"url\":\"https:\/\/blog.hotellosangelesdenia.com\/de\/\",\"name\":\"Hotel Los \\u00c1ngeles Denia\",\"description\":\"Hotel Los \\u00c1ngeles Denia\",\"potentialAction\":[{\"@type\":\"SearchAction\",\"target\":\"https:\/\/blog.hotellosangelesdenia.com\/de\/?s={search_term_string}\",\"query-input\":\"required name=search_term_string\"}],\"inLanguage\":\"de\"},{\"@type\":\"WebPage\",\"@id\":\"https:\/\/blog.hotellosangelesdenia.com\/de\/lage-und-umgebung\/#webpage\",\"url\":\"https:\/\/blog.hotellosangelesdenia.com\/de\/lage-und-umgebung\/\",\"name\":\"Lage und Umgebung - Hotel Los \\u00c1ngeles Denia\",\"isPartOf\":{\"@id\":\"https:\/\/blog.hotellosangelesdenia.com\/de\/#website\"},\"datePublished\":\"2015-09-23T16:12:26+00:00\",\"dateModified\":\"2017-05-02T13:32:35+00:00\",\"inLanguage\":\"de\",\"potentialAction\":[{\"@type\":\"ReadAction\",\"target\":[\"https:\/\/blog.hotellosangelesdenia.com\/de\/lage-und-umgebung\/\"]}]}]}<\/script>\n<!-- \/ Yoast SEO plugin. -->","_links":{"self":[{"href":"https:\/\/blog.hotellosangelesdenia.com\/de\/wp-json\/wp\/v2\/pages\/3801\/"}],"collection":[{"href":"https:\/\/blog.hotellosangelesdenia.com\/de\/wp-json\/wp\/v2\/pages\/"}],"about":[{"href":"https:\/\/blog.hotellosangelesdenia.com\/de\/wp-json\/wp\/v2\/types\/page\/"}],"author":[{"embeddable":true,"href":"https:\/\/blog.hotellosangelesdenia.com\/de\/wp-json\/wp\/v2\/users\/1\/"}],"replies":[{"embeddable":true,"href":"https:\/\/blog.hotellosangelesdenia.com\/de\/wp-json\/wp\/v2\/comments\/?post=3801"}],"version-history":[{"count":2,"href":"https:\/\/blog.hotellosangelesdenia.com\/de\/wp-json\/wp\/v2\/pages\/3801\/revisions\/"}],"predecessor-version":[{"id":3803,"href":"https:\/\/blog.hotellosangelesdenia.com\/de\/wp-json\/wp\/v2\/pages\/3801\/revisions\/3803\/"}],"wp:attachment":[{"href":"https:\/\/blog.hotellosangelesdenia.com\/de\/wp-json\/wp\/v2\/media\/?parent=3801"}],"curies":[{"name":"wp","href":"https:\/\/api.w.org\/{rel}","templated":true}]}}