{"id":3766,"date":"2015-07-28T14:22:11","date_gmt":"2015-07-28T14:22:11","guid":{"rendered":"https:\/\/www.hotellosangelesdenia.com\/el-hotel\/"},"modified":"2017-05-02T12:15:21","modified_gmt":"2017-05-02T12:15:21","slug":"hotel-los-angeles-ihr-hotel-direkt-am-strand","status":"publish","type":"page","link":"https:\/\/blog.hotellosangelesdenia.com\/de\/hotel-los-angeles-ihr-hotel-direkt-am-strand\/","title":{"rendered":"HOTEL LOS \u00c1NGELES,<br\/> IHR HOTEL DIREKT AM STRAND"},"content":{"rendered":"<p>[vc_row css=&#8220;.vc_custom_1456910960404{padding-bottom: 40px !important;}&#8220;][vc_column][vc_column_text]<\/p>\n<h2 class=\"sc_title sc_title_iconed\" style=\"margin-top: 0px;\">HERZLICH WILLKOMMEN IN IHREM HOTEL IN DENIA<\/h2>\n<p>[\/vc_column_text][\/vc_column][\/vc_row][vc_row][vc_column width=&#8220;1\/2&#8243; css=&#8220;.vc_custom_1456910995335{padding-bottom: 45px !important;}&#8220;]<figure class=\"sc_image  sc_image_shape_square\"><img decoding=\"async\" src=\"https:\/\/blog.hotellosangelesdenia.com\/wp-content\/uploads\/2015\/07\/texto-hotel-1.jpg\" alt=\"\" \/><\/figure>[\/vc_column][vc_column width=&#8220;1\/2&#8243; css=&#8220;.vc_custom_1456910986497{padding-bottom: 45px !important;}&#8220;][vc_column_text]Jeder von uns verdient Urlaub, einige entspannende Tage. Oft ben\u00f6tigen wir auch einen Ort, um unsere berufliche T\u00e4tigkeit auf entspannte und effiziente Weise zu entwickeln.<\/p>\n<p>In dem Hotel Los \u00c1ngeles arbeiten wir l\u00e4nger als ein halbes Jahrhundert daran, Ihren Aufenthalt perfekt zu machen. Und wir machen dies in einer der sch\u00f6nsten Enklaven des Mittelmeeres, nur wenige Kilometer von D\u00e9nia (Alicante) entfernt und im Herzen des Strandes Las Marinas gelegen.<\/p>\n<p>Das gem\u00fctliche und einladende Ambiente unserer Einrichtungen und die famili\u00e4re Betreuung die wir anbieten, hat dazu gef\u00fchrt, dass unsere G\u00e4ste im Laufe der Zeit zu Freunden werden.[\/vc_column_text][\/vc_column][\/vc_row][vc_row][vc_column css=&#8220;.vc_custom_1456911016294{padding-bottom: 45px !important;}&#8220;][vc_column_text]<\/p>\n<h2 class=\"sc_title sc_title_iconed\" style=\"margin-top: 0px;\">PR\u00c4SENTATION<\/h2>\n<p>[\/vc_column_text][\/vc_column][\/vc_row][vc_row][vc_column width=&#8220;1\/2&#8243; css=&#8220;.vc_custom_1456911009555{padding-bottom: 45px !important;}&#8220;][vc_column_text]Direkt am Strand von Las Marinas gelegen, ist das Hotel Los \u00c1ngeles eines der bedeutendsten Hotels D\u00e9nias.<\/p>\n<p>Duch seine au\u03b2ergew\u00f6hnlich priviligierte Lage sowie seiner hohen Qualit\u00e4tsanspr\u00fcche, ist das Hotel Los \u00c1ngeles ideal f\u00fcr anspruchsvolle Kunden, die sich Erholung in erster Strandlinie w\u00fcnschen. Das einzigste mit dem renommierten Q Zertifikat der Fremdenverkehrsqualit\u00e4t ausgezeichnete Hotel, seit Oktober 2008.[\/vc_column_text][\/vc_column][vc_column width=&#8220;1\/2&#8243; css=&#8220;.vc_custom_1456911002209{padding-bottom: 45px !important;}&#8220;]<figure class=\"sc_image  sc_image_shape_square\"><img decoding=\"async\" src=\"https:\/\/blog.hotellosangelesdenia.com\/wp-content\/uploads\/2015\/07\/texto-hotel-2.jpg\" alt=\"\" \/><\/figure>[\/vc_column][\/vc_row][vc_row][vc_column width=&#8220;1\/2&#8243; css=&#8220;.vc_custom_1456911052376{padding-bottom: 45px !important;}&#8220;]<figure class=\"sc_image  sc_image_shape_square\"><img decoding=\"async\" src=\"https:\/\/blog.hotellosangelesdenia.com\/wp-content\/uploads\/2015\/07\/texto-hotel-3.jpg\" alt=\"\" \/><\/figure>[\/vc_column][vc_column width=&#8220;1\/2&#8243;][vc_column_text]Die angenehme Inneneinrichtung der 82 eleganten Hotelzimmer und Penthaussuiten, ihre beneidenswerte Lage direkt am Mittelmeer und der auf den Gast abgestimmte Service, verleihen ihm eine unverwechselbare Atmosph\u00e4re, die den Gast vom ersten Moment an anzieht.<\/p>\n<p>Die Veranstaltungsr\u00e4ume f\u00fcr Familienfeste und Firmenevents, der Pool, in den Hotelg\u00e4rten gelegen, die Strandbar und die Pergola in erster Strandlinie, ohne das Restaurant mit seinem reichhaltigen gastronomischen Angebot zu vergessen, machen das Hotel Los \u00c1ngeles zu einer Referenz der Hauptstadt der Region Marina Alta.[\/vc_column_text][\/vc_column][\/vc_row]<\/p>\n","protected":false},"excerpt":{"rendered":"<p>[vc_row css=&#8220;.vc_custom_1456910960404{padding-bottom: 40px !important;}&#8220;][vc_column][vc_column_text] HERZLICH WILLKOMMEN IN IHREM HOTEL IN DENIA [\/vc_column_text][\/vc_column][\/vc_row][vc_row][vc_column width=&#8220;1\/2&#8243; css=&#8220;.vc_custom_1456910995335{padding-bottom: 45px !important;}&#8220;][\/vc_column][vc_column width=&#8220;1\/2&#8243; css=&#8220;.vc_custom_1456910986497{padding-bottom: 45px !important;}&#8220;][vc_column_text]Jeder von uns verdient Urlaub, einige entspannende Tage. Oft ben\u00f6tigen wir auch einen Ort, um unsere berufliche T\u00e4tigkeit auf entspannte und effiziente Weise zu entwickeln. In dem Hotel Los \u00c1ngeles arbeiten wir l\u00e4nger als ein halbes [&hellip;]<\/p>\n","protected":false},"author":1,"featured_media":0,"parent":0,"menu_order":0,"comment_status":"open","ping_status":"open","template":"hotel.php","meta":{"footnotes":""},"class_list":["post-3766","page","type-page","status-publish","hentry"],"yoast_head":"<!-- This site is optimized with the Yoast SEO plugin v14.0.4 - https:\/\/yoast.com\/wordpress\/plugins\/seo\/ -->\n<title>HOTEL LOS \u00c1NGELES, IHR HOTEL DIREKT AM STRAND - Hotel Los \u00c1ngeles Denia<\/title>\n<meta name=\"robots\" content=\"index, follow\" \/>\n<meta name=\"googlebot\" content=\"index, follow, max-snippet:-1, max-image-preview:large, max-video-preview:-1\" \/>\n<meta name=\"bingbot\" content=\"index, follow, max-snippet:-1, max-image-preview:large, max-video-preview:-1\" \/>\n<link rel=\"canonical\" href=\"https:\/\/blog.hotellosangelesdenia.com\/de\/hotel-los-angeles-ihr-hotel-direkt-am-strand\/\" \/>\n<meta property=\"og:locale\" content=\"de_DE\" \/>\n<meta property=\"og:type\" content=\"article\" \/>\n<meta property=\"og:title\" content=\"HOTEL LOS \u00c1NGELES, IHR HOTEL DIREKT AM STRAND - Hotel Los \u00c1ngeles Denia\" \/>\n<meta property=\"og:description\" content=\"[vc_row css=&#8220;.vc_custom_1456910960404{padding-bottom: 40px !important;}&#8220;][vc_column][vc_column_text] HERZLICH WILLKOMMEN IN IHREM HOTEL IN DENIA [\/vc_column_text][\/vc_column][\/vc_row][vc_row][vc_column width=&#8220;1\/2&#8243; css=&#8220;.vc_custom_1456910995335{padding-bottom: 45px !important;}&#8220;][\/vc_column][vc_column width=&#8220;1\/2&#8243; css=&#8220;.vc_custom_1456910986497{padding-bottom: 45px !important;}&#8220;][vc_column_text]Jeder von uns verdient Urlaub, einige entspannende Tage. Oft ben\u00f6tigen wir auch einen Ort, um unsere berufliche T\u00e4tigkeit auf entspannte und effiziente Weise zu entwickeln. In dem Hotel Los \u00c1ngeles arbeiten wir l\u00e4nger als ein halbes [&hellip;]\" \/>\n<meta property=\"og:url\" content=\"https:\/\/blog.hotellosangelesdenia.com\/de\/hotel-los-angeles-ihr-hotel-direkt-am-strand\/\" \/>\n<meta property=\"og:site_name\" content=\"Hotel Los \u00c1ngeles Denia\" \/>\n<meta property=\"article:modified_time\" content=\"2017-05-02T12:15:21+00:00\" \/>\n<meta name=\"twitter:card\" content=\"summary\" \/>\n<script type=\"application\/ld+json\" class=\"yoast-schema-graph\">{\"@context\":\"https:\/\/schema.org\",\"@graph\":[{\"@type\":\"WebSite\",\"@id\":\"https:\/\/blog.hotellosangelesdenia.com\/de\/#website\",\"url\":\"https:\/\/blog.hotellosangelesdenia.com\/de\/\",\"name\":\"Hotel Los \\u00c1ngeles Denia\",\"description\":\"Hotel Los \\u00c1ngeles Denia\",\"potentialAction\":[{\"@type\":\"SearchAction\",\"target\":\"https:\/\/blog.hotellosangelesdenia.com\/de\/?s={search_term_string}\",\"query-input\":\"required name=search_term_string\"}],\"inLanguage\":\"de\"},{\"@type\":\"WebPage\",\"@id\":\"https:\/\/blog.hotellosangelesdenia.com\/de\/hotel-los-angeles-ihr-hotel-direkt-am-strand\/#webpage\",\"url\":\"https:\/\/blog.hotellosangelesdenia.com\/de\/hotel-los-angeles-ihr-hotel-direkt-am-strand\/\",\"name\":\"HOTEL LOS \\u00c1NGELES, IHR HOTEL DIREKT AM STRAND - Hotel Los \\u00c1ngeles Denia\",\"isPartOf\":{\"@id\":\"https:\/\/blog.hotellosangelesdenia.com\/de\/#website\"},\"datePublished\":\"2015-07-28T14:22:11+00:00\",\"dateModified\":\"2017-05-02T12:15:21+00:00\",\"inLanguage\":\"de\",\"potentialAction\":[{\"@type\":\"ReadAction\",\"target\":[\"https:\/\/blog.hotellosangelesdenia.com\/de\/hotel-los-angeles-ihr-hotel-direkt-am-strand\/\"]}]}]}<\/script>\n<!-- \/ Yoast SEO plugin. -->","_links":{"self":[{"href":"https:\/\/blog.hotellosangelesdenia.com\/de\/wp-json\/wp\/v2\/pages\/3766\/"}],"collection":[{"href":"https:\/\/blog.hotellosangelesdenia.com\/de\/wp-json\/wp\/v2\/pages\/"}],"about":[{"href":"https:\/\/blog.hotellosangelesdenia.com\/de\/wp-json\/wp\/v2\/types\/page\/"}],"author":[{"embeddable":true,"href":"https:\/\/blog.hotellosangelesdenia.com\/de\/wp-json\/wp\/v2\/users\/1\/"}],"replies":[{"embeddable":true,"href":"https:\/\/blog.hotellosangelesdenia.com\/de\/wp-json\/wp\/v2\/comments\/?post=3766"}],"version-history":[{"count":2,"href":"https:\/\/blog.hotellosangelesdenia.com\/de\/wp-json\/wp\/v2\/pages\/3766\/revisions\/"}],"predecessor-version":[{"id":3768,"href":"https:\/\/blog.hotellosangelesdenia.com\/de\/wp-json\/wp\/v2\/pages\/3766\/revisions\/3768\/"}],"wp:attachment":[{"href":"https:\/\/blog.hotellosangelesdenia.com\/de\/wp-json\/wp\/v2\/media\/?parent=3766"}],"curies":[{"name":"wp","href":"https:\/\/api.w.org\/{rel}","templated":true}]}}